{"id":37713,"date":"2025-12-16T15:27:29","date_gmt":"2025-12-16T15:27:29","guid":{"rendered":"https:\/\/fenamus-benin.org\/?page_id=37713"},"modified":"2025-12-16T15:31:50","modified_gmt":"2025-12-16T15:31:50","slug":"adherer-a-fenamus-benin","status":"publish","type":"page","link":"https:\/\/fenamus-benin.org\/index.php\/adherer-a-fenamus-benin\/","title":{"rendered":"Adh\u00e9rer \u00e0 FENAMUS-BENIN"},"content":{"rendered":"\t\t<div data-elementor-type=\"wp-page\" data-elementor-id=\"37713\" class=\"elementor elementor-37713\">\n\t\t\t\t<div class=\"elementor-element elementor-element-aa35ab7 e-flex e-con-boxed e-con e-parent\" data-id=\"aa35ab7\" data-element_type=\"container\" data-e-type=\"container\">\n\t\t\t\t\t<div class=\"e-con-inner\">\n\t\t<script>\r\n    jQuery(document).ready(function($) {\r\n        function toggleRepeaterFields() {\r\n            let style = $('.elementor-control-style select').val();\r\n\r\n            if (style === 'style1') {\r\n                $('.elementor-control-testimonials').show();\r\n            } else {\r\n                $('.elementor-control-testimonials').hide();\r\n            }\r\n        }\r\n\r\n        \/\/ Run when the style dropdown changes\r\n        $(document).on('change', '.elementor-control-style select', function() {\r\n            toggleRepeaterFields();\r\n        });\r\n\r\n        \/\/ Run on initialization\r\n        setTimeout(() => {\r\n            toggleRepeaterFields();\r\n        }, 1000);\r\n    });\r\n<\/script>\t\t<div class=\"elementor-element elementor-element-e412e19 elementor-widget elementor-widget-text-editor\" data-id=\"e412e19\" data-element_type=\"widget\" data-e-type=\"widget\" data-widget_type=\"text-editor.default\">\n\t\t\t\t\t\t\t\t\t<p style=\"text-align: center;\">Voulez-vous devenir membre de FENAMUS-BENIN? Remplissez le formulaire d&#8217;adh\u00e9sion ci-dessous:\u00a0<\/p>\t\t\t\t\t\t\t\t<\/div>\n\t\t\t\t\t<\/div>\n\t\t\t\t<\/div>\n\t\t<div class=\"elementor-element elementor-element-f42bf38 e-flex e-con-boxed e-con e-parent\" data-id=\"f42bf38\" data-element_type=\"container\" data-e-type=\"container\">\n\t\t\t\t\t<div class=\"e-con-inner\">\n\t\t\t\t<div class=\"elementor-element elementor-element-cc878ef elementor-widget elementor-widget-shortcode\" data-id=\"cc878ef\" data-element_type=\"widget\" data-e-type=\"widget\" data-widget_type=\"shortcode.default\">\n\t\t\t\t\t\t\t<div class=\"elementor-shortcode\"><div class=\"frm_forms  with_frm_style frm_style_style-formidable\" id=\"frm_form_3_container\" data-token=\"cf0bf05034b3689bed892f484300d229\">\n<form enctype=\"multipart\/form-data\" method=\"post\" class=\"frm-show-form \" id=\"form_formulaire-adhesion\" data-token=\"cf0bf05034b3689bed892f484300d229\">\n<div class=\"frm_form_fields \">\n<fieldset>\n<legend class=\"frm_screen_reader\">formulaire adh\u00e9sion<\/legend>\n\n<div class=\"frm_fields_container\">\n<input type=\"hidden\" name=\"frm_action\" value=\"create\" \/>\n<input type=\"hidden\" name=\"form_id\" value=\"3\" \/>\n<input type=\"hidden\" name=\"frm_hide_fields_3\" id=\"frm_hide_fields_3\" value=\"\" \/>\n<input type=\"hidden\" name=\"form_key\" value=\"formulaire-adhesion\" \/>\n<input type=\"hidden\" name=\"item_meta[0]\" value=\"\" \/>\n<input type=\"hidden\" id=\"frm_submit_entry_3\" name=\"frm_submit_entry_3\" value=\"bdbbd7ca4f\" \/><input type=\"hidden\" name=\"_wp_http_referer\" value=\"\/index.php\/wp-json\/wp\/v2\/pages\/37713\" \/><div id=\"frm_field_16_container\" class=\"frm_form_field form-field  frm_required_field frm_top_container frm6 frm_first\">\n\t<label for=\"field_b21eh\" id=\"field_b21eh_label\" class=\"frm_primary_label\">Nom\n\t\t<span class=\"frm_required\" aria-hidden=\"true\">*<\/span>\n\t<\/label>\n\t<input type=\"text\" id=\"field_b21eh\" name=\"item_meta[16]\" value=\"\"  data-reqmsg=\"Nom ne peut pas \u00eatre vide.\" aria-required=\"true\" data-invmsg=\"Nom est non valide\" aria-invalid=\"false\"  \/>\n\t\n\t\n<\/div>\n<div id=\"frm_field_17_container\" class=\"frm_form_field form-field  frm_top_container frm6\">\n\t<label for=\"field_kcagi\" id=\"field_kcagi_label\" class=\"frm_primary_label\">Pr\u00e9noms\n\t\t<span class=\"frm_required\" aria-hidden=\"true\"><\/span>\n\t<\/label>\n\t<input type=\"text\" id=\"field_kcagi\" name=\"item_meta[17]\" value=\"\"  data-invmsg=\"Pr\u00e9noms est non valide\" aria-invalid=\"false\"  \/>\n\t\n\t\n<\/div>\n<div id=\"frm_field_18_container\" class=\"frm_form_field form-field  frm_required_field frm_top_container\">\n\t<label for=\"field_bankg\" id=\"field_bankg_label\" class=\"frm_primary_label\">E-mail\n\t\t<span class=\"frm_required\" aria-hidden=\"true\">*<\/span>\n\t<\/label>\n\t<input type=\"email\" id=\"field_bankg\" name=\"item_meta[18]\" value=\"\"  data-reqmsg=\"E-mail ne peut pas \u00eatre vide.\" aria-required=\"true\" data-invmsg=\"E-mail est non valide\" aria-invalid=\"false\"  \/>\n\t\n\t\n<\/div>\n<div id=\"frm_field_19_container\" class=\"frm_form_field form-field  frm_required_field frm_top_container\">\n\t<label for=\"field_8xx0h\" id=\"field_8xx0h_label\" class=\"frm_primary_label\">T\u00e9l\u00e9phone\n\t\t<span class=\"frm_required\" aria-hidden=\"true\">*<\/span>\n\t<\/label>\n\t<input type=\"tel\" id=\"field_8xx0h\" name=\"item_meta[19]\" value=\"\"  data-reqmsg=\"T\u00e9l\u00e9phone ne peut pas \u00eatre vide.\" aria-required=\"true\" data-invmsg=\"T\u00e9l\u00e9phone est non valide\" aria-invalid=\"false\" pattern=\"((\\+\\d{1,3}(-|.| )?\\(?\\d\\)?(-| |.)?\\d{1,5})|(\\(?\\d{2,6}\\)?))(-|.| )?(\\d{3,4})(-|.| )?(\\d{4})(( x| ext)\\d{1,5}){0,1}$\"  \/>\n\t\n\t\n<\/div>\n<div id=\"frm_field_25_container\" class=\"frm_form_field form-field  frm_required_field frm_top_container\">\n\t<label for=\"field_x9qj5\" id=\"field_x9qj5_label\" class=\"frm_primary_label\">Profession\n\t\t<span class=\"frm_required\" aria-hidden=\"true\">*<\/span>\n\t<\/label>\n\t<input type=\"text\" id=\"field_x9qj5\" name=\"item_meta[25]\" value=\"\"  data-reqmsg=\"Profession ne peut pas \u00eatre vide.\" aria-required=\"true\" data-invmsg=\"Profession est non valide\" aria-invalid=\"false\"  \/>\n\t\n\t\n<\/div>\n<div id=\"frm_field_20_container\" class=\"frm_form_field form-field  frm_required_field frm_top_container\">\n\t<label for=\"field_f2qyh\" id=\"field_f2qyh_label\" class=\"frm_primary_label\">Sexe\n\t\t<span class=\"frm_required\" aria-hidden=\"true\">*<\/span>\n\t<\/label>\n\t<input type=\"text\" id=\"field_f2qyh\" name=\"item_meta[20]\" value=\"\"  data-reqmsg=\"Sexe ne peut pas \u00eatre vide.\" aria-required=\"true\" data-invmsg=\"Sexe est non valide\" aria-invalid=\"false\"  \/>\n\t\n\t\n<\/div>\n<div id=\"frm_field_21_container\" class=\"frm_form_field form-field  frm_required_field frm_top_container\">\n\t<label for=\"field_drj03\" id=\"field_drj03_label\" class=\"frm_primary_label\">Age\n\t\t<span class=\"frm_required\" aria-hidden=\"true\">*<\/span>\n\t<\/label>\n\t<input type=\"text\" id=\"field_drj03\" name=\"item_meta[21]\" value=\"\"  data-reqmsg=\"Age ne peut pas \u00eatre vide.\" aria-required=\"true\" data-invmsg=\"Age est non valide\" aria-invalid=\"false\"  \/>\n\t\n\t\n<\/div>\n<div id=\"frm_field_22_container\" class=\"frm_form_field form-field  frm_required_field frm_top_container\">\n\t<label for=\"field_tana6\" id=\"field_tana6_label\" class=\"frm_primary_label\">Pays\n\t\t<span class=\"frm_required\" aria-hidden=\"true\">*<\/span>\n\t<\/label>\n\t<input type=\"text\" id=\"field_tana6\" name=\"item_meta[22]\" value=\"\"  data-reqmsg=\"Pays ne peut pas \u00eatre vide.\" aria-required=\"true\" data-invmsg=\"Pays est non valide\" aria-invalid=\"false\"  \/>\n\t\n\t\n<\/div>\n<div id=\"frm_field_23_container\" class=\"frm_form_field form-field  frm_required_field frm_top_container\">\n\t<label for=\"field_o2uo\" id=\"field_o2uo_label\" class=\"frm_primary_label\">Ville\n\t\t<span class=\"frm_required\" aria-hidden=\"true\">*<\/span>\n\t<\/label>\n\t<input type=\"text\" id=\"field_o2uo\" name=\"item_meta[23]\" value=\"\"  data-reqmsg=\"Ville ne peut pas \u00eatre vide.\" aria-required=\"true\" data-invmsg=\"Ville est non valide\" aria-invalid=\"false\"  \/>\n\t\n\t\n<\/div>\n<div id=\"frm_field_24_container\" class=\"frm_form_field form-field  frm_required_field frm_top_container\">\n\t<label for=\"field_4hjwi\" id=\"field_4hjwi_label\" class=\"frm_primary_label\">Village\n\t\t<span class=\"frm_required\" aria-hidden=\"true\">*<\/span>\n\t<\/label>\n\t<input type=\"text\" id=\"field_4hjwi\" name=\"item_meta[24]\" value=\"\"  data-reqmsg=\"Village ne peut pas \u00eatre vide.\" aria-required=\"true\" data-invmsg=\"Village est non valide\" aria-invalid=\"false\"  \/>\n\t\n\t\n<\/div>\n<div id=\"frm_field_15_container\" class=\"frm_form_field form-field \">\n\t<div class=\"frm_submit frm_flex\">\n<button class=\"frm_button_submit\" type=\"submit\"  >Envoyer<\/button>\n\n\n\n<\/div>\n<\/div>\n\t<input type=\"hidden\" name=\"item_key\" value=\"\" \/>\n\t\t\t<div id=\"frm_field_26_container\">\n\t\t\t<label for=\"field_57ixa\" >\n\t\t\t\tSi vous \u00eates un humain, ne remplissez pas ce champ.\t\t\t<\/label>\n\t\t\t<input  id=\"field_57ixa\" type=\"text\" class=\"frm_form_field form-field frm_verify\" name=\"item_meta[26]\" value=\"\"  \/>\n\t\t<\/div>\n\t\t<input name=\"frm_state\" type=\"hidden\" value=\"B6Ec5eT2ArXIHhUh28\/4aStoz+xcZw1YvcqrLO8UCbE=\" \/><\/div>\n<\/fieldset>\n<\/div>\n\n<\/form>\n<\/div>\n<\/div>\n\t\t\t\t\t\t<\/div>\n\t\t\t\t\t<\/div>\n\t\t\t\t<\/div>\n\t\t\t\t<\/div>\n\t\t","protected":false},"excerpt":{"rendered":"<p>Voulez-vous devenir membre de FENAMUS-BENIN? Remplissez le formulaire d&#8217;adh\u00e9sion ci-dessous:\u00a0<\/p>\n","protected":false},"author":1,"featured_media":0,"parent":0,"menu_order":0,"comment_status":"closed","ping_status":"closed","template":"","meta":{"footnotes":""},"class_list":["post-37713","page","type-page","status-publish","hentry"],"_links":{"self":[{"href":"https:\/\/fenamus-benin.org\/index.php\/wp-json\/wp\/v2\/pages\/37713","targetHints":{"allow":["GET"]}}],"collection":[{"href":"https:\/\/fenamus-benin.org\/index.php\/wp-json\/wp\/v2\/pages"}],"about":[{"href":"https:\/\/fenamus-benin.org\/index.php\/wp-json\/wp\/v2\/types\/page"}],"author":[{"embeddable":true,"href":"https:\/\/fenamus-benin.org\/index.php\/wp-json\/wp\/v2\/users\/1"}],"replies":[{"embeddable":true,"href":"https:\/\/fenamus-benin.org\/index.php\/wp-json\/wp\/v2\/comments?post=37713"}],"version-history":[{"count":0,"href":"https:\/\/fenamus-benin.org\/index.php\/wp-json\/wp\/v2\/pages\/37713\/revisions"}],"wp:attachment":[{"href":"https:\/\/fenamus-benin.org\/index.php\/wp-json\/wp\/v2\/media?parent=37713"}],"curies":[{"name":"wp","href":"https:\/\/api.w.org\/{rel}","templated":true}]}}