{"id":37657,"date":"2025-12-16T11:06:23","date_gmt":"2025-12-16T11:06:23","guid":{"rendered":"https:\/\/fenamus-benin.org\/?page_id=37657"},"modified":"2025-12-21T11:27:32","modified_gmt":"2025-12-21T11:27:32","slug":"principes-et-valeurs-fondamentaux-de-fenamus-benin","status":"publish","type":"page","link":"https:\/\/fenamus-benin.org\/index.php\/principes-et-valeurs-fondamentaux-de-fenamus-benin\/","title":{"rendered":"Principes et valeurs fondamentaux de FENAMUS-BENIN"},"content":{"rendered":"\t\t<div data-elementor-type=\"wp-page\" data-elementor-id=\"37657\" class=\"elementor elementor-37657\">\n\t\t\t\t<div class=\"elementor-element elementor-element-a92084d e-flex e-con-boxed e-con e-parent\" data-id=\"a92084d\" data-element_type=\"container\" data-e-type=\"container\">\n\t\t\t\t\t<div class=\"e-con-inner\">\n\t\t<script>\r\n    jQuery(document).ready(function($) {\r\n        function toggleRepeaterFields() {\r\n            let style = $('.elementor-control-style select').val();\r\n\r\n            if (style === 'style1') {\r\n                $('.elementor-control-testimonials').show();\r\n            } else {\r\n                $('.elementor-control-testimonials').hide();\r\n            }\r\n        }\r\n\r\n        \/\/ Run when the style dropdown changes\r\n        $(document).on('change', '.elementor-control-style select', function() {\r\n            toggleRepeaterFields();\r\n        });\r\n\r\n        \/\/ Run on initialization\r\n        setTimeout(() => {\r\n            toggleRepeaterFields();\r\n        }, 1000);\r\n    });\r\n<\/script>\t\t<div class=\"elementor-element elementor-element-e324bea elementor-widget elementor-widget-text-editor\" data-id=\"e324bea\" data-element_type=\"widget\" data-e-type=\"widget\" data-widget_type=\"text-editor.default\">\n\t\t\t\t\t\t\t\t\t<h2 data-start=\"0\" data-end=\"100\"><span style=\"font-size: 20px;\">Principes et valeurs fondamentaux de FENAMUS-BENIN : la solidarit\u00e9 au c\u0153ur de l\u2019action mutualiste<\/span><\/h2><h3 data-start=\"102\" data-end=\"163\"><span style=\"font-size: 20px;\">La solidarit\u00e9, fondement de l\u2019engagement de FENAMUS-BENIN<\/span><\/h3><p data-start=\"165\" data-end=\"728\">La solidarit\u00e9 constitue le principe central et la valeur fondatrice de <strong data-start=\"236\" data-end=\"253\">FENAMUS-BENIN<\/strong>. Elle est au c\u0153ur de l\u2019identit\u00e9 mutualiste et guide l\u2019ensemble des actions de la F\u00e9d\u00e9ration Nationale de la Mutualit\u00e9 Sociale du B\u00e9nin. La solidarit\u00e9 traduit la volont\u00e9 collective de partager les risques, de mutualiser les ressources et de garantir \u00e0 chaque membre un acc\u00e8s \u00e9quitable aux services de sant\u00e9 et de protection sociale. \u00c0 travers ce principe, <strong data-start=\"609\" data-end=\"626\">FENAMUS-BENIN<\/strong> \u0153uvre pour r\u00e9duire les in\u00e9galit\u00e9s sociales et renforcer la coh\u00e9sion entre les populations b\u00e9ninoises.<\/p><p data-start=\"730\" data-end=\"967\">Dans un contexte marqu\u00e9 par des vuln\u00e9rabilit\u00e9s \u00e9conomiques et sanitaires, la solidarit\u00e9 port\u00e9e par <strong data-start=\"829\" data-end=\"846\">FENAMUS-BENIN<\/strong> permet de cr\u00e9er des m\u00e9canismes communautaires durables, fond\u00e9s sur la responsabilit\u00e9 collective et l\u2019engagement citoyen.<\/p><h3 data-start=\"969\" data-end=\"1026\"><span style=\"font-size: 18px;\">L\u2019entraide comme expression concr\u00e8te de la solidarit\u00e9<\/span><\/h3><p data-start=\"1028\" data-end=\"1408\">L\u2019entraide est l\u2019expression vivante et quotidienne de la solidarit\u00e9 au sein de <strong data-start=\"1107\" data-end=\"1124\">FENAMUS-BENIN<\/strong>. Elle se manifeste par le soutien mutuel entre les membres des mutuelles sociales, notamment face aux al\u00e9as de la vie tels que la maladie, les accidents ou les situations de pr\u00e9carit\u00e9. Ce principe favorise l\u2019esprit communautaire et renforce les liens sociaux au sein des communaut\u00e9s.<\/p><p data-start=\"1410\" data-end=\"1725\">En promouvant l\u2019entraide, <strong data-start=\"1436\" data-end=\"1453\">FENAMUS-BENIN<\/strong> encourage des pratiques inclusives et humaines, o\u00f9 chaque individu contribue selon ses moyens et b\u00e9n\u00e9ficie selon ses besoins. Cette dynamique renforce la confiance des populations envers les mutuelles sociales et consolide leur r\u00f4le dans le syst\u00e8me de protection sociale.<\/p><h3 data-start=\"1727\" data-end=\"1793\"><span style=\"font-size: 18px;\">L\u2019\u00e9quit\u00e9 pour un acc\u00e8s juste aux soins et aux services sociaux<\/span><\/h3><p data-start=\"1795\" data-end=\"2184\">L\u2019\u00e9quit\u00e9 est une valeur fondamentale d\u00e9fendue par <strong data-start=\"1845\" data-end=\"1862\">FENAMUS-BENIN<\/strong> afin de garantir un acc\u00e8s juste et \u00e9quilibr\u00e9 aux soins de sant\u00e9 et aux services sociaux. Elle implique la prise en compte des besoins sp\u00e9cifiques des diff\u00e9rentes cat\u00e9gories de populations, notamment les plus vuln\u00e9rables. L\u2019objectif est de corriger les in\u00e9galit\u00e9s existantes et de promouvoir une justice sociale effective.<\/p><p data-start=\"2186\" data-end=\"2426\">\u00c0 travers ses actions, <strong data-start=\"2209\" data-end=\"2226\">FENAMUS-BENIN<\/strong> veille \u00e0 ce que les m\u00e9canismes mutualistes ne reproduisent pas les exclusions sociales, mais contribuent au contraire \u00e0 une meilleure redistribution des ressources et \u00e0 une couverture plus inclusive.<\/p><h3 data-start=\"2428\" data-end=\"2489\"><span style=\"font-size: 18px;\">La bonne gouvernance, gage de cr\u00e9dibilit\u00e9 et de p\u00e9rennit\u00e9<\/span><\/h3><p data-start=\"2491\" data-end=\"2859\">La bonne gouvernance est un principe cl\u00e9 pour assurer la cr\u00e9dibilit\u00e9 et la durabilit\u00e9 du mouvement mutualiste. <strong data-start=\"2602\" data-end=\"2619\">FENAMUS-BENIN<\/strong> promeut une gouvernance d\u00e9mocratique, responsable et efficace, fond\u00e9e sur des r\u00e8gles claires et le respect des normes de gestion. Cette approche vise \u00e0 garantir une utilisation optimale des ressources et une prise de d\u00e9cision transparente.<\/p><p data-start=\"2861\" data-end=\"3102\">En renfor\u00e7ant la gouvernance des mutuelles sociales, <strong data-start=\"2914\" data-end=\"2931\">FENAMUS-BENIN<\/strong> contribue \u00e0 instaurer un climat de confiance entre les membres, les partenaires et les institutions publiques, condition essentielle \u00e0 la p\u00e9rennit\u00e9 du syst\u00e8me mutualiste.<\/p><h3 data-start=\"3104\" data-end=\"3170\"><span style=\"font-size: 18px;\">La participation citoyenne comme moteur de l\u2019action mutualiste<\/span><\/h3><p data-start=\"3172\" data-end=\"3515\">La participation citoyenne est au c\u0153ur des principes d\u00e9fendus par <strong data-start=\"3238\" data-end=\"3255\">FENAMUS-BENIN<\/strong>. Elle repose sur l\u2019implication active des membres dans la vie et la gestion des mutuelles sociales. Cette participation permet aux populations de devenir actrices de leur propre protection sociale et de contribuer aux d\u00e9cisions qui les concernent directement.<\/p><p data-start=\"3517\" data-end=\"3787\">En favorisant la participation citoyenne, <strong data-start=\"3559\" data-end=\"3576\">FENAMUS-BENIN<\/strong> renforce la d\u00e9mocratie locale et encourage une appropriation collective des enjeux de sant\u00e9 et de protection sociale. Cette dynamique favorise \u00e9galement le contr\u00f4le citoyen des actions publiques et mutualistes.<\/p><h3 data-start=\"3789\" data-end=\"3855\"><span style=\"font-size: 18px;\">La transparence pour renforcer la confiance et la redevabilit\u00e9<\/span><\/h3><p data-start=\"3857\" data-end=\"4195\">La transparence est une valeur essentielle pour <strong data-start=\"3905\" data-end=\"3922\">FENAMUS-BENIN<\/strong>, car elle garantit la clart\u00e9 dans la gestion des ressources et la communication des informations. Elle permet aux membres de comprendre le fonctionnement des mutuelles, d\u2019acc\u00e9der aux informations financi\u00e8res et de suivre les d\u00e9cisions prises par les instances dirigeantes.<\/p><p data-start=\"4197\" data-end=\"4417\">En promouvant la transparence, <strong data-start=\"4228\" data-end=\"4245\">FENAMUS-BENIN<\/strong> renforce la redevabilit\u00e9 des acteurs mutualistes et consolide la confiance des populations, condition indispensable \u00e0 l\u2019adh\u00e9sion et \u00e0 la participation durable des membres.<\/p><h3 data-start=\"4419\" data-end=\"4471\"><span style=\"font-size: 18px;\">La durabilit\u00e9 pour un impact social \u00e0 long terme<\/span><\/h3><p data-start=\"4473\" data-end=\"4822\">La durabilit\u00e9 constitue un principe transversal de l\u2019action de <strong data-start=\"4536\" data-end=\"4553\">FENAMUS-BENIN<\/strong>. Elle vise \u00e0 assurer la viabilit\u00e9 financi\u00e8re, institutionnelle et sociale des mutuelles sur le long terme. Cette approche implique une gestion prudente des ressources, une adaptation continue aux \u00e9volutions du contexte et une vision strat\u00e9gique orient\u00e9e vers l\u2019avenir.<\/p><p data-start=\"4824\" data-end=\"5033\">En int\u00e9grant la durabilit\u00e9 dans ses principes et valeurs, <strong data-start=\"4882\" data-end=\"4899\">FENAMUS-BENIN<\/strong> s\u2019engage \u00e0 construire un mouvement mutualiste capable de r\u00e9pondre aux besoins actuels sans compromettre ceux des g\u00e9n\u00e9rations futures.<\/p><h3 data-start=\"5035\" data-end=\"5106\"><span style=\"font-size: 18px;\">Des valeurs au service d\u2019un syst\u00e8me de protection sociale solidaire<\/span><\/h3><p data-start=\"5108\" data-end=\"5434\">L\u2019ensemble des principes et valeurs fondamentaux \u2013 solidarit\u00e9, entraide, \u00e9quit\u00e9, bonne gouvernance, participation citoyenne, transparence et durabilit\u00e9 \u2013 constitue le socle de l\u2019action de <strong data-start=\"5296\" data-end=\"5313\">FENAMUS-BENIN<\/strong>. Ces valeurs guident la F\u00e9d\u00e9ration dans sa mission de structuration et de renforcement du mouvement mutualiste b\u00e9ninois.<\/p><p data-start=\"5436\" data-end=\"5667\" data-is-last-node=\"\" data-is-only-node=\"\">\u00c0 travers leur mise en \u0153uvre concr\u00e8te, <strong data-start=\"5475\" data-end=\"5492\">FENAMUS-BENIN<\/strong> contribue \u00e0 b\u00e2tir un syst\u00e8me de protection sociale plus juste, plus inclusif et plus efficace, au service du bien-\u00eatre et du d\u00e9veloppement durable des populations b\u00e9ninoises.<\/p>\t\t\t\t\t\t\t\t<\/div>\n\t\t\t\t\t<\/div>\n\t\t\t\t<\/div>\n\t\t<div class=\"elementor-element elementor-element-38af718 e-flex e-con-boxed e-con e-parent\" data-id=\"38af718\" data-element_type=\"container\" data-e-type=\"container\">\n\t\t\t\t\t<div class=\"e-con-inner\">\n\t\t\t\t<div class=\"elementor-element elementor-element-601da2d elementor-align-center elementor-widget elementor-widget-button\" data-id=\"601da2d\" data-element_type=\"widget\" data-e-type=\"widget\" data-widget_type=\"button.default\">\n\t\t\t\t\t\t\t\t\t\t<a class=\"elementor-button elementor-button-link elementor-size-sm elementor-animation-grow\" href=\"https:\/\/fenamus-benin.org\/index.php\/adherer-a-fenamus-benin\/\">\n\t\t\t\t\t\t<span class=\"elementor-button-content-wrapper\">\n\t\t\t\t\t\t\t\t\t<span class=\"elementor-button-text\">Devenir membre<\/span>\n\t\t\t\t\t<\/span>\n\t\t\t\t\t<\/a>\n\t\t\t\t\t\t\t\t<\/div>\n\t\t\t\t\t<\/div>\n\t\t\t\t<\/div>\n\t\t\t\t<\/div>\n\t\t","protected":false},"excerpt":{"rendered":"<p>Principes et valeurs fondamentaux de FENAMUS-BENIN : la solidarit\u00e9 au c\u0153ur de l\u2019action mutualiste La solidarit\u00e9, fondement de l\u2019engagement de FENAMUS-BENIN La solidarit\u00e9 constitue le principe central et la valeur fondatrice de FENAMUS-BENIN. Elle est au c\u0153ur de l\u2019identit\u00e9 mutualiste et guide l\u2019ensemble des actions de la F\u00e9d\u00e9ration Nationale de la Mutualit\u00e9 Sociale du B\u00e9nin. [&hellip;]<\/p>\n","protected":false},"author":1,"featured_media":0,"parent":0,"menu_order":0,"comment_status":"closed","ping_status":"closed","template":"","meta":{"footnotes":""},"class_list":["post-37657","page","type-page","status-publish","hentry"],"_links":{"self":[{"href":"https:\/\/fenamus-benin.org\/index.php\/wp-json\/wp\/v2\/pages\/37657","targetHints":{"allow":["GET"]}}],"collection":[{"href":"https:\/\/fenamus-benin.org\/index.php\/wp-json\/wp\/v2\/pages"}],"about":[{"href":"https:\/\/fenamus-benin.org\/index.php\/wp-json\/wp\/v2\/types\/page"}],"author":[{"embeddable":true,"href":"https:\/\/fenamus-benin.org\/index.php\/wp-json\/wp\/v2\/users\/1"}],"replies":[{"embeddable":true,"href":"https:\/\/fenamus-benin.org\/index.php\/wp-json\/wp\/v2\/comments?post=37657"}],"version-history":[{"count":7,"href":"https:\/\/fenamus-benin.org\/index.php\/wp-json\/wp\/v2\/pages\/37657\/revisions"}],"predecessor-version":[{"id":38345,"href":"https:\/\/fenamus-benin.org\/index.php\/wp-json\/wp\/v2\/pages\/37657\/revisions\/38345"}],"wp:attachment":[{"href":"https:\/\/fenamus-benin.org\/index.php\/wp-json\/wp\/v2\/media?parent=37657"}],"curies":[{"name":"wp","href":"https:\/\/api.w.org\/{rel}","templated":true}]}}