{"id":37512,"date":"2025-12-15T15:13:41","date_gmt":"2025-12-15T15:13:41","guid":{"rendered":"https:\/\/fenamus-benin.org\/?page_id=37512"},"modified":"2025-12-21T12:52:15","modified_gmt":"2025-12-21T12:52:15","slug":"projet-ass-ps-benin","status":"publish","type":"page","link":"https:\/\/fenamus-benin.org\/index.php\/projet-ass-ps-benin\/","title":{"rendered":"Projet ASS &#038; PS-B\u00e9nin"},"content":{"rendered":"\t\t<div data-elementor-type=\"wp-page\" data-elementor-id=\"37512\" class=\"elementor elementor-37512\">\n\t\t\t\t<div class=\"elementor-element elementor-element-b06e21b e-flex e-con-boxed e-con e-parent\" data-id=\"b06e21b\" data-element_type=\"container\" data-e-type=\"container\">\n\t\t\t\t\t<div class=\"e-con-inner\">\n\t\t\t\t<div class=\"elementor-element elementor-element-e8b750e elementor-widget elementor-widget-heading\" data-id=\"e8b750e\" data-element_type=\"widget\" data-e-type=\"widget\" data-widget_type=\"heading.default\">\n\t\t\t\t\t<h2 class=\"elementor-heading-title elementor-size-default\">Projet ASS &amp; PS-B\u00e9nin<\/h2>\t\t\t\t<\/div>\n\t\t\t\t\t<\/div>\n\t\t\t\t<\/div>\n\t\t<div class=\"elementor-element elementor-element-801f6c1 e-flex e-con-boxed e-con e-parent\" data-id=\"801f6c1\" data-element_type=\"container\" data-e-type=\"container\">\n\t\t\t\t\t<div class=\"e-con-inner\">\n\t\t<script>\r\n    jQuery(document).ready(function($) {\r\n        function toggleRepeaterFields() {\r\n            let style = $('.elementor-control-style select').val();\r\n\r\n            if (style === 'style1') {\r\n                $('.elementor-control-testimonials').show();\r\n            } else {\r\n                $('.elementor-control-testimonials').hide();\r\n            }\r\n        }\r\n\r\n        \/\/ Run when the style dropdown changes\r\n        $(document).on('change', '.elementor-control-style select', function() {\r\n            toggleRepeaterFields();\r\n        });\r\n\r\n        \/\/ Run on initialization\r\n        setTimeout(() => {\r\n            toggleRepeaterFields();\r\n        }, 1000);\r\n    });\r\n<\/script>\t\t<div class=\"elementor-element elementor-element-b4f1133 elementor-widget elementor-widget-text-editor\" data-id=\"b4f1133\" data-element_type=\"widget\" data-e-type=\"widget\" data-widget_type=\"text-editor.default\">\n\t\t\t\t\t\t\t\t\t<h1 data-start=\"167\" data-end=\"244\"><span style=\"font-size: 20px;\">Projet ASS &amp; PS-B\u00e9nin : Acc\u00e8s aux Soins et Promotion de la Sant\u00e9 au B\u00e9nin<\/span><\/h1><h2 data-start=\"246\" data-end=\"301\"><span style=\"font-size: 20px;\">Contexte et justification du Projet ASS &amp; PS-B\u00e9nin<\/span><\/h2><p data-start=\"303\" data-end=\"766\">Au B\u00e9nin, l\u2019acc\u00e8s \u00e9quitable aux soins de sant\u00e9 reste un d\u00e9fi majeur, surtout pour les populations vuln\u00e9rables vivant en milieu rural et pour les travailleurs du secteur informel. Les obstacles financiers, la distance avec les structures sanitaires et le manque d\u2019informations sur la pr\u00e9vention limitent l\u2019utilisation des services de sant\u00e9. Ces difficult\u00e9s exposent les m\u00e9nages \u00e0 des risques sanitaires \u00e9lev\u00e9s et \u00e0 des d\u00e9penses m\u00e9dicales souvent catastrophiques.<\/p><p data-start=\"768\" data-end=\"1098\">C\u2019est dans ce contexte que s\u2019inscrit le <strong data-start=\"808\" data-end=\"833\">Projet ASS &amp; PS-B\u00e9nin<\/strong>, une initiative de la FENAMUS-BENIN mise en \u0153uvre avec l\u2019appui financier et technique de Louvain Coop\u00e9ration. Le projet vise \u00e0 renforcer l\u2019acc\u00e8s aux soins tout en promouvant des actions de pr\u00e9vention et d\u2019\u00e9ducation sanitaire adapt\u00e9es aux r\u00e9alit\u00e9s communautaires.<\/p><p data-start=\"768\" data-end=\"1098\"><img fetchpriority=\"high\" decoding=\"async\" class=\"alignnone wp-image-38428 size-full\" src=\"https:\/\/fenamus-benin.org\/wp-content\/uploads\/2025\/12\/Fenamus-Benin-im7.jpeg\" alt=\"Projet ASS &amp; PS-B\u00e9nin : Acc\u00e8s aux Soins et Promotion de la Sant\u00e9 au B\u00e9nin\" width=\"1280\" height=\"561\" srcset=\"https:\/\/fenamus-benin.org\/wp-content\/uploads\/2025\/12\/Fenamus-Benin-im7.jpeg 1280w, https:\/\/fenamus-benin.org\/wp-content\/uploads\/2025\/12\/Fenamus-Benin-im7-300x131.jpeg 300w, https:\/\/fenamus-benin.org\/wp-content\/uploads\/2025\/12\/Fenamus-Benin-im7-1024x449.jpeg 1024w, https:\/\/fenamus-benin.org\/wp-content\/uploads\/2025\/12\/Fenamus-Benin-im7-768x337.jpeg 768w\" sizes=\"(max-width: 1280px) 100vw, 1280px\" \/><\/p><hr data-start=\"1100\" data-end=\"1103\" \/><h2 data-start=\"1105\" data-end=\"1156\"><span style=\"font-size: 20px;\">Pr\u00e9sentation g\u00e9n\u00e9rale du Projet ASS &amp; PS-B\u00e9nin<\/span><\/h2><p data-start=\"1158\" data-end=\"1422\">Le <strong data-start=\"1161\" data-end=\"1186\">Projet ASS &amp; PS-B\u00e9nin<\/strong> est une initiative structurante qui combine <strong data-start=\"1231\" data-end=\"1312\">acc\u00e8s aux soins, promotion de la sant\u00e9 et renforcement des mutuelles sociales<\/strong>. Il repose sur une approche communautaire inclusive, bas\u00e9e sur la solidarit\u00e9 et la participation citoyenne.<\/p><p data-start=\"1424\" data-end=\"1737\">Avec le soutien de Louvain Coop\u00e9ration, le projet accompagne les mutuelles sociales dans l\u2019am\u00e9lioration de leurs services et leur capacit\u00e9 \u00e0 r\u00e9pondre efficacement aux besoins sanitaires des populations. Il contribue ainsi \u00e0 r\u00e9duire les in\u00e9galit\u00e9s d\u2019acc\u00e8s aux soins et \u00e0 renforcer la protection sociale au B\u00e9nin.<\/p><hr data-start=\"1739\" data-end=\"1742\" \/><h2 data-start=\"1744\" data-end=\"1783\"><span style=\"font-size: 20px;\">Objectifs du Projet ASS &amp; PS-B\u00e9nin<\/span><\/h2><h3 data-start=\"1785\" data-end=\"1806\"><span style=\"font-size: 20px;\">Objectif global<\/span><\/h3><p data-start=\"1808\" data-end=\"2005\">L\u2019objectif global du <strong data-start=\"1829\" data-end=\"1854\">Projet ASS &amp; PS-B\u00e9nin<\/strong> est d\u2019am\u00e9liorer durablement l\u2019acc\u00e8s \u00e9quitable aux soins de sant\u00e9 et de renforcer la promotion de la sant\u00e9 pour les populations vuln\u00e9rables du B\u00e9nin.<\/p><h3 data-start=\"2007\" data-end=\"2034\"><span style=\"font-size: 20px;\">Objectifs sp\u00e9cifiques<\/span><\/h3><ol data-start=\"2036\" data-end=\"2528\"><li data-start=\"2036\" data-end=\"2137\"><p data-start=\"2039\" data-end=\"2137\"><strong data-start=\"2039\" data-end=\"2105\">Faciliter l\u2019acc\u00e8s financier et g\u00e9ographique aux soins de sant\u00e9<\/strong> pour les m\u00e9nages vuln\u00e9rables.<\/p><\/li><li data-start=\"2138\" data-end=\"2243\"><p data-start=\"2141\" data-end=\"2243\"><strong data-start=\"2141\" data-end=\"2191\">Renforcer les capacit\u00e9s des mutuelles sociales<\/strong> en mati\u00e8re de gestion et de qualit\u00e9 des services.<\/p><\/li><li data-start=\"2244\" data-end=\"2327\"><p data-start=\"2247\" data-end=\"2327\"><strong data-start=\"2247\" data-end=\"2300\">Promouvoir la pr\u00e9vention et l\u2019\u00e9ducation sanitaire<\/strong> au niveau communautaire.<\/p><\/li><li data-start=\"2328\" data-end=\"2434\"><p data-start=\"2331\" data-end=\"2434\"><strong data-start=\"2331\" data-end=\"2395\">Encourager l\u2019adh\u00e9sion des populations aux mutuelles sociales<\/strong> pour une protection sociale durable.<\/p><\/li><li data-start=\"2435\" data-end=\"2528\"><p data-start=\"2438\" data-end=\"2528\"><strong data-start=\"2438\" data-end=\"2493\">Contribuer \u00e0 la r\u00e9duction des in\u00e9galit\u00e9s sanitaires<\/strong> entre zones rurales et urbaines.<\/p><\/li><\/ol><p><img decoding=\"async\" class=\"alignnone wp-image-37026 size-full\" src=\"https:\/\/fenamus-benin.org\/wp-content\/uploads\/2025\/12\/Fenamus-Benin-et-ses-beneficiares-1-1.jpg\" alt=\"Projet ASS &amp; PS-B\u00e9nin : Acc\u00e8s aux Soins et Promotion de la Sant\u00e9 au B\u00e9nin\" width=\"1016\" height=\"762\" srcset=\"https:\/\/fenamus-benin.org\/wp-content\/uploads\/2025\/12\/Fenamus-Benin-et-ses-beneficiares-1-1.jpg 1016w, https:\/\/fenamus-benin.org\/wp-content\/uploads\/2025\/12\/Fenamus-Benin-et-ses-beneficiares-1-1-300x225.jpg 300w, https:\/\/fenamus-benin.org\/wp-content\/uploads\/2025\/12\/Fenamus-Benin-et-ses-beneficiares-1-1-768x576.jpg 768w\" sizes=\"(max-width: 1016px) 100vw, 1016px\" \/><\/p><hr data-start=\"2530\" data-end=\"2533\" \/><h2 data-start=\"2535\" data-end=\"2583\"><span style=\"font-size: 20px;\">R\u00f4le et contribution de <a href=\"https:\/\/louvaincooperation.org\/fr\" target=\"_blank\" rel=\"noopener\">Louvain Coop\u00e9ration<\/a><\/span><\/h2><p data-start=\"2585\" data-end=\"2910\">Louvain Coop\u00e9ration est le partenaire financier du <strong data-start=\"2636\" data-end=\"2661\">Projet ASS &amp; PS-B\u00e9nin<\/strong>. Son appui garantit la mise en \u0153uvre effective des activit\u00e9s et assure la qualit\u00e9 des interventions sur le terrain. L\u2019organisation apporte \u00e9galement une expertise reconnue en sant\u00e9 communautaire, d\u00e9veloppement social et solidarit\u00e9 internationale.<\/p><p data-start=\"2912\" data-end=\"3163\">Gr\u00e2ce \u00e0 ce partenariat, le projet b\u00e9n\u00e9ficie d\u2019un accompagnement strat\u00e9gique et technique, renforce les capacit\u00e9s institutionnelles de la FENAMUS-BENIN et favorise des pratiques innovantes en mati\u00e8re de promotion de la sant\u00e9 et de protection sociale.<\/p><hr data-start=\"3165\" data-end=\"3168\" \/><h2 data-start=\"3170\" data-end=\"3248\"><span style=\"font-size: 20px;\">Principales actions mises en \u0153uvre dans le cadre du Projet ASS &amp; PS-B\u00e9nin<\/span><\/h2><h3 data-start=\"3250\" data-end=\"3298\"><span style=\"font-size: 20px;\">Facilitation de l\u2019acc\u00e8s aux soins de sant\u00e9<\/span><\/h3><p data-start=\"3300\" data-end=\"3620\">Le <strong data-start=\"3303\" data-end=\"3328\">Projet ASS &amp; PS-B\u00e9nin<\/strong> met en place des m\u00e9canismes solidaires permettant aux populations vuln\u00e9rables d\u2019acc\u00e9der \u00e0 des soins \u00e0 moindre co\u00fbt. Ces m\u00e9canismes r\u00e9duisent les barri\u00e8res financi\u00e8res et favorisent un recours plus pr\u00e9coce aux services de sant\u00e9, am\u00e9liorant ainsi la pr\u00e9vention et le traitement des maladies.<\/p><h3 data-start=\"3622\" data-end=\"3663\"><span style=\"font-size: 20px;\">Promotion de la sant\u00e9 et pr\u00e9vention<\/span><\/h3><p data-start=\"3665\" data-end=\"4026\">Des campagnes de sensibilisation et d\u2019\u00e9ducation sanitaire sont men\u00e9es au sein des communaut\u00e9s. Elles couvrent notamment la pr\u00e9vention des maladies courantes, la sant\u00e9 maternelle et infantile, l\u2019hygi\u00e8ne, la nutrition et les comportements favorables \u00e0 la sant\u00e9. Ces actions contribuent \u00e0 r\u00e9duire la morbidit\u00e9 et \u00e0 am\u00e9liorer le bien-\u00eatre g\u00e9n\u00e9ral des populations.<\/p><h3 data-start=\"4028\" data-end=\"4069\"><span style=\"font-size: 20px;\">Renforcement des mutuelles sociales<\/span><\/h3><p data-start=\"4071\" data-end=\"4410\">Le projet accompagne les mutuelles sociales dans l\u2019am\u00e9lioration de leur gouvernance, de leur gestion administrative et financi\u00e8re, ainsi que de la qualit\u00e9 des services propos\u00e9s aux membres. Ces actions rendent les mutuelles plus professionnelles, viables et attractives, tout en assurant une meilleure couverture sanitaire des adh\u00e9rents.<\/p><h3 data-start=\"4412\" data-end=\"4471\"><span style=\"font-size: 20px;\">Mobilisation communautaire et participation citoyenne<\/span><\/h3><p data-start=\"4473\" data-end=\"4739\">Le <strong data-start=\"4476\" data-end=\"4501\">Projet ASS &amp; PS-B\u00e9nin<\/strong> favorise l\u2019implication active des communaut\u00e9s dans la gestion de leur sant\u00e9. Les b\u00e9n\u00e9ficiaires sont encourag\u00e9s \u00e0 participer aux d\u00e9cisions, \u00e0 suivre la mise en \u0153uvre des activit\u00e9s et \u00e0 exercer un contr\u00f4le citoyen sur les actions men\u00e9es.<\/p><hr data-start=\"4741\" data-end=\"4744\" \/><h2 data-start=\"4746\" data-end=\"4789\"><span style=\"font-size: 20px;\">B\u00e9n\u00e9ficiaires du Projet ASS &amp; PS-B\u00e9nin<\/span><\/h2><p data-start=\"4791\" data-end=\"5106\">Les b\u00e9n\u00e9ficiaires directs du projet sont les populations vuln\u00e9rables : m\u00e9nages \u00e0 faibles revenus, travailleurs du secteur informel, agriculteurs, femmes et jeunes vivant en milieu rural. Les mutuelles sociales b\u00e9n\u00e9ficient \u00e9galement du projet gr\u00e2ce au renforcement de leurs capacit\u00e9s et de leurs outils de gestion.<\/p><p data-start=\"5108\" data-end=\"5253\">Indirectement, le projet contribue \u00e0 am\u00e9liorer le syst\u00e8me de sant\u00e9 local et \u00e0 r\u00e9duire la pression financi\u00e8re sur les m\u00e9nages en cas de maladie.<\/p><hr data-start=\"5255\" data-end=\"5258\" \/><h2 data-start=\"5260\" data-end=\"5306\"><span style=\"font-size: 20px;\">Impacts attendus du Projet ASS &amp; PS-B\u00e9nin<\/span><\/h2><p data-start=\"5308\" data-end=\"5390\">Le <strong data-start=\"5311\" data-end=\"5336\">Projet ASS &amp; PS-B\u00e9nin<\/strong> vise \u00e0 g\u00e9n\u00e9rer des impacts durables et mesurables :<\/p><ul data-start=\"5392\" data-end=\"5790\"><li data-start=\"5392\" data-end=\"5449\"><p data-start=\"5394\" data-end=\"5449\">Am\u00e9lioration de l\u2019acc\u00e8s \u00e9quitable aux soins de sant\u00e9.<\/p><\/li><li data-start=\"5450\" data-end=\"5504\"><p data-start=\"5452\" data-end=\"5504\">Augmentation de l\u2019adh\u00e9sion aux mutuelles sociales.<\/p><\/li><li data-start=\"5505\" data-end=\"5570\"><p data-start=\"5507\" data-end=\"5570\">Renforcement de la pr\u00e9vention et de la promotion de la sant\u00e9.<\/p><\/li><li data-start=\"5571\" data-end=\"5643\"><p data-start=\"5573\" data-end=\"5643\">R\u00e9duction des in\u00e9galit\u00e9s sanitaires entre zones rurales et urbaines.<\/p><\/li><li data-start=\"5644\" data-end=\"5698\"><p data-start=\"5646\" data-end=\"5698\">Am\u00e9lioration de la qualit\u00e9 de vie des populations.<\/p><\/li><li data-start=\"5699\" data-end=\"5790\"><p data-start=\"5701\" data-end=\"5790\">Contribution aux politiques nationales et aux Objectifs de D\u00e9veloppement Durable (ODD).<\/p><\/li><\/ul><hr data-start=\"5792\" data-end=\"5795\" \/><h2 data-start=\"5797\" data-end=\"5851\"><span style=\"font-size: 20px;\">Contribution aux politiques nationales et aux ODD<\/span><\/h2><p data-start=\"5853\" data-end=\"6124\">Le <strong data-start=\"5856\" data-end=\"5881\">Projet ASS &amp; PS-B\u00e9nin<\/strong> s\u2019aligne sur les priorit\u00e9s nationales en mati\u00e8re de sant\u00e9 et de protection sociale. Il soutient la mise en \u0153uvre des politiques publiques visant \u00e0 am\u00e9liorer l\u2019acc\u00e8s aux services sociaux de base et \u00e0 renforcer le r\u00f4le des mutuelles sociales.<\/p><p data-start=\"6126\" data-end=\"6191\">Le projet contribue \u00e9galement \u00e0 l\u2019atteinte des ODD, notamment :<\/p><ul data-start=\"6193\" data-end=\"6331\"><li data-start=\"6193\" data-end=\"6233\"><p data-start=\"6195\" data-end=\"6233\"><strong data-start=\"6195\" data-end=\"6231\">ODD 3 : Bonne sant\u00e9 et bien-\u00eatre<\/strong><\/p><\/li><li data-start=\"6234\" data-end=\"6289\"><p data-start=\"6236\" data-end=\"6289\"><strong data-start=\"6236\" data-end=\"6287\">ODD 8 : Travail d\u00e9cent et croissance \u00e9conomique<\/strong><\/p><\/li><li data-start=\"6290\" data-end=\"6331\"><p data-start=\"6292\" data-end=\"6331\"><strong data-start=\"6292\" data-end=\"6329\">ODD 10 : R\u00e9duction des in\u00e9galit\u00e9s<\/strong><\/p><\/li><\/ul><p data-start=\"6333\" data-end=\"6465\">En adoptant une approche inclusive et durable, le projet participe \u00e0 la construction d\u2019un syst\u00e8me de sant\u00e9 \u00e9quitable et solidaire.<\/p><hr data-start=\"6467\" data-end=\"6470\" \/><h2 data-start=\"6472\" data-end=\"6503\"><span style=\"font-size: 20px;\">Durabilit\u00e9 et perspectives<\/span><\/h2><p data-start=\"6505\" data-end=\"6766\">La durabilit\u00e9 du <strong data-start=\"6522\" data-end=\"6547\">Projet ASS &amp; PS-B\u00e9nin<\/strong> repose sur le renforcement des capacit\u00e9s locales et l\u2019appropriation des actions par les communaut\u00e9s. En soutenant les mutuelles sociales, le projet cr\u00e9e des m\u00e9canismes p\u00e9rennes de solidarit\u00e9 et de protection sociale.<\/p><p data-start=\"6768\" data-end=\"7013\">\u00c0 long terme, les acquis du projet renforceront le syst\u00e8me de sant\u00e9 communautaire et am\u00e9lioreront la r\u00e9silience des populations face aux risques sanitaires. Le projet contribue ainsi \u00e0 b\u00e2tir une protection sociale durable et accessible \u00e0 tous.<\/p><hr data-start=\"7015\" data-end=\"7018\" \/><h2 data-start=\"7020\" data-end=\"7074\"><span style=\"font-size: 20px;\">Un projet au service des communaut\u00e9s<\/span><\/h2><p data-start=\"7076\" data-end=\"7382\">Le <strong data-start=\"7079\" data-end=\"7104\">Projet ASS &amp; PS-B\u00e9nin<\/strong> illustre l\u2019engagement de la FENAMUS-BENIN et de Louvain Coop\u00e9ration pour un acc\u00e8s \u00e9quitable aux soins et une promotion efficace de la sant\u00e9. En pla\u00e7ant les communaut\u00e9s au c\u0153ur de l\u2019action, le projet contribue \u00e0 construire un syst\u00e8me de sant\u00e9 plus juste, solidaire et durable.<\/p><hr data-start=\"7384\" data-end=\"7387\" \/><h2 data-start=\"7389\" data-end=\"7413\"><span style=\"font-size: 20px;\">Appel \u00e0 partenariat<\/span><\/h2><p data-start=\"7415\" data-end=\"7627\">Vous \u00eates une ONG, une association ou une institution engag\u00e9e dans la sant\u00e9 communautaire et les actions sociales ? Rejoignez la dynamique de la FENAMUS-BENIN et devenez partenaire du <strong data-start=\"7599\" data-end=\"7624\">Projet ASS &amp; PS-B\u00e9nin<\/strong>.<\/p><p data-start=\"7629\" data-end=\"7739\">Ensemble, renfor\u00e7ons l\u2019acc\u00e8s aux soins et construisons une protection sociale inclusive et durable au B\u00e9nin.<\/p>\t\t\t\t\t\t\t\t<\/div>\n\t\t\t\t\t<\/div>\n\t\t\t\t<\/div>\n\t\t<div class=\"elementor-element elementor-element-d17419d e-flex e-con-boxed e-con e-parent\" data-id=\"d17419d\" data-element_type=\"container\" data-e-type=\"container\">\n\t\t\t\t\t<div class=\"e-con-inner\">\n\t\t\t\t<div class=\"elementor-element elementor-element-5f97766 elementor-align-center elementor-invisible elementor-widget elementor-widget-button\" data-id=\"5f97766\" data-element_type=\"widget\" data-e-type=\"widget\" data-settings=\"{&quot;_animation&quot;:&quot;fadeInLeft&quot;}\" data-widget_type=\"button.default\">\n\t\t\t\t\t\t\t\t\t\t<a class=\"elementor-button elementor-button-link elementor-size-sm elementor-animation-grow\" href=\"http:\/\/fenamus-benin.org\/index.php\/contact\/\">\n\t\t\t\t\t\t<span class=\"elementor-button-content-wrapper\">\n\t\t\t\t\t\t\t\t\t<span class=\"elementor-button-text\">Devenir partenaire<\/span>\n\t\t\t\t\t<\/span>\n\t\t\t\t\t<\/a>\n\t\t\t\t\t\t\t\t<\/div>\n\t\t\t\t\t<\/div>\n\t\t\t\t<\/div>\n\t\t\t\t<\/div>\n\t\t","protected":false},"excerpt":{"rendered":"<p>Projet ASS &amp; PS-B\u00e9nin Projet ASS &amp; PS-B\u00e9nin : Acc\u00e8s aux Soins et Promotion de la Sant\u00e9 au B\u00e9nin Contexte et justification du Projet ASS &amp; PS-B\u00e9nin Au B\u00e9nin, l\u2019acc\u00e8s \u00e9quitable aux soins de sant\u00e9 reste un d\u00e9fi majeur, surtout pour les populations vuln\u00e9rables vivant en milieu rural et pour les travailleurs du secteur informel. [&hellip;]<\/p>\n","protected":false},"author":1,"featured_media":0,"parent":0,"menu_order":0,"comment_status":"closed","ping_status":"closed","template":"","meta":{"footnotes":""},"class_list":["post-37512","page","type-page","status-publish","hentry"],"_links":{"self":[{"href":"https:\/\/fenamus-benin.org\/index.php\/wp-json\/wp\/v2\/pages\/37512","targetHints":{"allow":["GET"]}}],"collection":[{"href":"https:\/\/fenamus-benin.org\/index.php\/wp-json\/wp\/v2\/pages"}],"about":[{"href":"https:\/\/fenamus-benin.org\/index.php\/wp-json\/wp\/v2\/types\/page"}],"author":[{"embeddable":true,"href":"https:\/\/fenamus-benin.org\/index.php\/wp-json\/wp\/v2\/users\/1"}],"replies":[{"embeddable":true,"href":"https:\/\/fenamus-benin.org\/index.php\/wp-json\/wp\/v2\/comments?post=37512"}],"version-history":[{"count":23,"href":"https:\/\/fenamus-benin.org\/index.php\/wp-json\/wp\/v2\/pages\/37512\/revisions"}],"predecessor-version":[{"id":38465,"href":"https:\/\/fenamus-benin.org\/index.php\/wp-json\/wp\/v2\/pages\/37512\/revisions\/38465"}],"wp:attachment":[{"href":"https:\/\/fenamus-benin.org\/index.php\/wp-json\/wp\/v2\/media?parent=37512"}],"curies":[{"name":"wp","href":"https:\/\/api.w.org\/{rel}","templated":true}]}}