{"id":37491,"date":"2025-12-15T15:02:48","date_gmt":"2025-12-15T15:02:48","guid":{"rendered":"https:\/\/fenamus-benin.org\/?page_id=37491"},"modified":"2025-12-22T08:40:39","modified_gmt":"2025-12-22T08:40:39","slug":"projet-cap-csu-phase-2","status":"publish","type":"page","link":"https:\/\/fenamus-benin.org\/index.php\/projet-cap-csu-phase-2\/","title":{"rendered":"Projet CAP CSU \u2013 Phase 2"},"content":{"rendered":"\t\t<div data-elementor-type=\"wp-page\" data-elementor-id=\"37491\" class=\"elementor elementor-37491\">\n\t\t\t\t<div class=\"elementor-element elementor-element-78ff92b e-flex e-con-boxed e-con e-parent\" data-id=\"78ff92b\" data-element_type=\"container\" data-e-type=\"container\">\n\t\t\t\t\t<div class=\"e-con-inner\">\n\t\t<script>\r\n    jQuery(document).ready(function($) {\r\n        function toggleRepeaterFields() {\r\n            let style = $('.elementor-control-style select').val();\r\n\r\n            if (style === 'style1') {\r\n                $('.elementor-control-testimonials').show();\r\n            } else {\r\n                $('.elementor-control-testimonials').hide();\r\n            }\r\n        }\r\n\r\n        \/\/ Run when the style dropdown changes\r\n        $(document).on('change', '.elementor-control-style select', function() {\r\n            toggleRepeaterFields();\r\n        });\r\n\r\n        \/\/ Run on initialization\r\n        setTimeout(() => {\r\n            toggleRepeaterFields();\r\n        }, 1000);\r\n    });\r\n<\/script>\t\t<div class=\"elementor-element elementor-element-e785ba9 elementor-widget elementor-widget-text-editor\" data-id=\"e785ba9\" data-element_type=\"widget\" data-e-type=\"widget\" data-widget_type=\"text-editor.default\">\n\t\t\t\t\t\t\t\t\t<h2 data-start=\"172\" data-end=\"277\"><span style=\"font-size: 22px;\">Projet CAP CSU \u2013 Phase 2 : Coordination pour la Promotion de la Couverture Sant\u00e9 Universelle au B\u00e9nin<\/span><\/h2><h2 data-start=\"279\" data-end=\"337\"><span style=\"font-size: 20px;\">Contexte et justification du Projet CAP CSU \u2013 Phase 2<\/span><\/h2><p data-start=\"339\" data-end=\"792\">L\u2019acc\u00e8s \u00e9quitable aux soins de sant\u00e9 reste un d\u00e9fi majeur pour de nombreuses populations b\u00e9ninoises, notamment celles vivant en milieu rural, les travailleurs du secteur informel et les groupes vuln\u00e9rables. Malgr\u00e9 les efforts d\u00e9ploy\u00e9s par l\u2019\u00c9tat et les acteurs du secteur social, la fragmentation des interventions et le manque de coordination entre les parties prenantes limitent l\u2019efficacit\u00e9 des actions en faveur de la couverture sant\u00e9 universelle.<\/p><p data-start=\"794\" data-end=\"1171\">C\u2019est dans ce contexte que s\u2019inscrit le <strong data-start=\"834\" data-end=\"862\">Projet CAP CSU \u2013 Phase 2<\/strong>, mis en \u0153uvre par la FENAMUS-B\u00c9NIN avec le soutien financier de l\u2019<a href=\"https:\/\/essentiel-international.org\/\" target=\"_blank\" rel=\"noopener\"><strong>Association ESSENTIEL<\/strong><\/a>. Ce projet vise \u00e0 renforcer la synergie entre les acteurs du mouvement mutualiste et les parties prenantes du secteur de la sant\u00e9 afin de promouvoir un syst\u00e8me de protection sociale plus inclusif, solidaire et durable.<\/p><hr data-start=\"1173\" data-end=\"1176\" \/><h2 data-start=\"1178\" data-end=\"1232\"><span style=\"font-size: 20px;\">Pr\u00e9sentation g\u00e9n\u00e9rale du Projet CAP CSU \u2013 Phase 2<\/span><\/h2><p data-start=\"1234\" data-end=\"1577\">Le <strong data-start=\"1237\" data-end=\"1265\">Projet CAP CSU \u2013 Phase 2<\/strong> est la continuit\u00e9 d\u2019une dynamique engag\u00e9e pour structurer et professionnaliser les acteurs impliqu\u00e9s dans la promotion de la couverture sant\u00e9 universelle au B\u00e9nin. Il repose sur une approche participative et concert\u00e9e, pla\u00e7ant les mutuelles sociales au c\u0153ur des m\u00e9canismes de protection sociale communautaire.<\/p><p data-start=\"1579\" data-end=\"2052\">Gr\u00e2ce au soutien financier et technique de l\u2019Association ESSENTIEL, le <strong data-start=\"1650\" data-end=\"1678\">Projet CAP CSU \u2013 Phase 2<\/strong> vise \u00e0 am\u00e9liorer la gouvernance du mouvement mutualiste, \u00e0 renforcer les capacit\u00e9s des acteurs locaux et \u00e0 promouvoir des pratiques transparentes et responsables. Ce projet strat\u00e9gique contribue directement \u00e0 l\u2019am\u00e9lioration de l\u2019acc\u00e8s aux soins de sant\u00e9 pour les populations \u00e0 faibles revenus et renforce l\u2019impact des initiatives de protection sociale au niveau national.<\/p><p data-start=\"1579\" data-end=\"2052\"><img fetchpriority=\"high\" decoding=\"async\" class=\"alignnone wp-image-38440 size-full\" src=\"https:\/\/fenamus-benin.org\/wp-content\/uploads\/2025\/12\/Fenamus-Benin-et-ses-beneficiares-2.jpg\" alt=\"Projet CAP CSU \u2013 Phase 2 : Coordination pour la Promotion de la Couverture Sant\u00e9 Universelle au B\u00e9nin\" width=\"1080\" height=\"810\" srcset=\"https:\/\/fenamus-benin.org\/wp-content\/uploads\/2025\/12\/Fenamus-Benin-et-ses-beneficiares-2.jpg 1080w, https:\/\/fenamus-benin.org\/wp-content\/uploads\/2025\/12\/Fenamus-Benin-et-ses-beneficiares-2-300x225.jpg 300w, https:\/\/fenamus-benin.org\/wp-content\/uploads\/2025\/12\/Fenamus-Benin-et-ses-beneficiares-2-1024x768.jpg 1024w, https:\/\/fenamus-benin.org\/wp-content\/uploads\/2025\/12\/Fenamus-Benin-et-ses-beneficiares-2-768x576.jpg 768w\" sizes=\"(max-width: 1080px) 100vw, 1080px\" \/><\/p><hr data-start=\"2054\" data-end=\"2057\" \/><h2 data-start=\"2059\" data-end=\"2101\"><span style=\"font-size: 20px;\">Objectifs du Projet CAP CSU \u2013 Phase 2<\/span><\/h2><h3 data-start=\"2103\" data-end=\"2124\"><span style=\"font-size: 20px;\">Objectif global<\/span><\/h3><p data-start=\"2126\" data-end=\"2377\">L\u2019objectif global du <strong data-start=\"2147\" data-end=\"2175\">Projet CAP CSU \u2013 Phase 2<\/strong> est de contribuer \u00e0 la promotion effective de la couverture sant\u00e9 universelle au B\u00e9nin \u00e0 travers une meilleure coordination des acteurs du mouvement mutualiste et du secteur de la protection sociale.<\/p><h3 data-start=\"2379\" data-end=\"2406\"><span style=\"font-size: 20px;\">Objectifs sp\u00e9cifiques<\/span><\/h3><ol data-start=\"2408\" data-end=\"3262\"><li data-start=\"2408\" data-end=\"2581\"><p data-start=\"2411\" data-end=\"2581\"><strong data-start=\"2411\" data-end=\"2482\">Renforcer la structuration et la gouvernance des mutuelles sociales<\/strong> pour garantir une meilleure organisation et une plus grande efficacit\u00e9 des services mutualistes.<\/p><\/li><li data-start=\"2582\" data-end=\"2770\"><p data-start=\"2585\" data-end=\"2770\"><strong data-start=\"2585\" data-end=\"2679\">Am\u00e9liorer la coordination entre les acteurs mutualistes, institutionnels et communautaires<\/strong>, afin de r\u00e9duire la fragmentation des interventions et d\u2019optimiser l\u2019impact des actions.<\/p><\/li><li data-start=\"2771\" data-end=\"2932\"><p data-start=\"2774\" data-end=\"2932\"><strong data-start=\"2774\" data-end=\"2837\">Accro\u00eetre l\u2019adh\u00e9sion des populations aux mutuelles sociales<\/strong>, en promouvant les avantages de la protection sociale et en facilitant l\u2019acc\u00e8s aux services.<\/p><\/li><li data-start=\"2933\" data-end=\"3083\"><p data-start=\"2936\" data-end=\"3083\"><strong data-start=\"2936\" data-end=\"2996\">Promouvoir la participation citoyenne et la redevabilit\u00e9<\/strong>, en impliquant les communaut\u00e9s dans la gestion et le suivi des initiatives de sant\u00e9.<\/p><\/li><li data-start=\"3084\" data-end=\"3262\"><p data-start=\"3087\" data-end=\"3262\"><strong data-start=\"3087\" data-end=\"3157\">Soutenir le plaidoyer en faveur de politiques publiques inclusives<\/strong> en mati\u00e8re de sant\u00e9 et de couverture sociale, pour renforcer la protection sociale au niveau national.<\/p><\/li><\/ol><p><img decoding=\"async\" class=\"alignnone wp-image-38444 size-full\" src=\"https:\/\/fenamus-benin.org\/wp-content\/uploads\/2025\/12\/Fenamus-Benin-et-ses-beneficiares-3.jpg\" alt=\"Projet CAP CSU \u2013 Phase 2 : Coordination pour la Promotion de la Couverture Sant\u00e9 Universelle au B\u00e9nin\" width=\"2048\" height=\"1542\" srcset=\"https:\/\/fenamus-benin.org\/wp-content\/uploads\/2025\/12\/Fenamus-Benin-et-ses-beneficiares-3.jpg 2048w, https:\/\/fenamus-benin.org\/wp-content\/uploads\/2025\/12\/Fenamus-Benin-et-ses-beneficiares-3-300x226.jpg 300w, https:\/\/fenamus-benin.org\/wp-content\/uploads\/2025\/12\/Fenamus-Benin-et-ses-beneficiares-3-1024x771.jpg 1024w, https:\/\/fenamus-benin.org\/wp-content\/uploads\/2025\/12\/Fenamus-Benin-et-ses-beneficiares-3-768x578.jpg 768w, https:\/\/fenamus-benin.org\/wp-content\/uploads\/2025\/12\/Fenamus-Benin-et-ses-beneficiares-3-1536x1157.jpg 1536w\" sizes=\"(max-width: 2048px) 100vw, 2048px\" \/><\/p><hr data-start=\"3264\" data-end=\"3267\" \/><h2 data-start=\"3269\" data-end=\"3309\"><span style=\"font-size: 20px;\">R\u00f4le cl\u00e9 de l\u2019<a href=\"https:\/\/essentiel-international.org\/\" target=\"_blank\" rel=\"noopener\">Association ESSENTIEL<\/a><\/span><\/h2><p data-start=\"3311\" data-end=\"3530\">L\u2019Association ESSENTIEL est le partenaire financier principal du <strong data-start=\"3376\" data-end=\"3404\">Projet CAP CSU \u2013 Phase 2<\/strong>. Son appui permet la mise en \u0153uvre effective des activit\u00e9s pr\u00e9vues et garantit la qualit\u00e9 des interventions sur le terrain.<\/p><p data-start=\"3532\" data-end=\"4032\">ESSENTIEL apporte \u00e9galement une expertise reconnue dans le domaine de la protection sociale, de la couverture sant\u00e9 universelle et du renforcement des organisations communautaires. Gr\u00e2ce \u00e0 ce partenariat, le <strong data-start=\"3740\" data-end=\"3768\">Projet CAP CSU \u2013 Phase 2<\/strong> b\u00e9n\u00e9ficie d\u2019un accompagnement technique, m\u00e9thodologique et strat\u00e9gique, favorisant l\u2019atteinte de r\u00e9sultats concrets et mesurables. L\u2019Association ESSENTIEL joue un r\u00f4le central dans la r\u00e9ussite du projet et dans la consolidation du mouvement mutualiste au B\u00e9nin.<\/p><hr data-start=\"4034\" data-end=\"4037\" \/><h2 data-start=\"4039\" data-end=\"4120\"><span style=\"font-size: 20px;\">Principales actions mises en \u0153uvre dans le cadre du Projet CAP CSU \u2013 Phase 2<\/span><\/h2><h3 data-start=\"4122\" data-end=\"4171\"><span style=\"font-size: 20px;\">Renforcement de la coordination des acteurs<\/span><\/h3><p data-start=\"4173\" data-end=\"4610\">Le <strong data-start=\"4176\" data-end=\"4204\">Projet CAP CSU \u2013 Phase 2<\/strong> vise \u00e0 am\u00e9liorer la coordination entre les mutuelles sociales, les acteurs institutionnels et les organisations communautaires. Des plateformes de dialogue et des m\u00e9canismes de concertation sont mis en place pour favoriser les \u00e9changes, harmoniser les pratiques et partager les exp\u00e9riences. Cette coordination contribue \u00e0 r\u00e9duire la duplication des efforts et \u00e0 maximiser l\u2019efficacit\u00e9 des interventions.<\/p><h3 data-start=\"4612\" data-end=\"4661\"><span style=\"font-size: 20px;\">Professionnalisation des mutuelles sociales<\/span><\/h3><p data-start=\"4663\" data-end=\"4960\">Un autre axe majeur du <strong data-start=\"4686\" data-end=\"4714\">Projet CAP CSU \u2013 Phase 2<\/strong> est le renforcement des capacit\u00e9s des mutuelles sociales. Cela inclut la formation en gouvernance, gestion administrative et financi\u00e8re, ainsi que l\u2019am\u00e9lioration des outils et proc\u00e9dures pour offrir des services plus efficaces aux populations.<\/p><h3 data-start=\"4962\" data-end=\"5007\"><span style=\"font-size: 20px;\">Promotion de la participation citoyenne<\/span><\/h3><p data-start=\"5009\" data-end=\"5291\">Le projet encourage la participation active des communaut\u00e9s dans la gestion de la sant\u00e9 et la couverture sociale. Les b\u00e9n\u00e9ficiaires sont impliqu\u00e9s dans le suivi des activit\u00e9s et dans la prise de d\u00e9cision, ce qui renforce la transparence et la redevabilit\u00e9 des acteurs mutualistes.<\/p><h3 data-start=\"5293\" data-end=\"5338\"><span style=\"font-size: 20px;\">Sensibilisation et \u00e9ducation \u00e0 la sant\u00e9<\/span><\/h3><p data-start=\"5340\" data-end=\"5709\">Le <strong data-start=\"5343\" data-end=\"5371\">Projet CAP CSU \u2013 Phase 2<\/strong> met \u00e9galement l\u2019accent sur la sensibilisation et l\u2019\u00e9ducation sanitaire. Des campagnes sont men\u00e9es sur des th\u00e8mes cl\u00e9s comme la pr\u00e9vention des maladies, la sant\u00e9 maternelle et infantile, l\u2019hygi\u00e8ne et la nutrition. Ces actions visent \u00e0 renforcer les comportements favorables \u00e0 la sant\u00e9 et \u00e0 pr\u00e9venir les maladies au niveau communautaire.<\/p><hr data-start=\"5711\" data-end=\"5714\" \/><h2 data-start=\"5716\" data-end=\"5762\"><span style=\"font-size: 20px;\">B\u00e9n\u00e9ficiaires du Projet CAP CSU \u2013 Phase 2<\/span><\/h2><p data-start=\"5764\" data-end=\"5852\">Les b\u00e9n\u00e9ficiaires directs du projet sont les populations vuln\u00e9rables, en particulier :<\/p><ul data-start=\"5854\" data-end=\"6001\"><li data-start=\"5854\" data-end=\"5887\"><p data-start=\"5856\" data-end=\"5887\">Les m\u00e9nages \u00e0 faibles revenus<\/p><\/li><li data-start=\"5888\" data-end=\"5928\"><p data-start=\"5890\" data-end=\"5928\">Les travailleurs du secteur informel<\/p><\/li><li data-start=\"5929\" data-end=\"5949\"><p data-start=\"5931\" data-end=\"5949\">Les agriculteurs<\/p><\/li><li data-start=\"5950\" data-end=\"6001\"><p data-start=\"5952\" data-end=\"6001\">Les femmes et les jeunes vivant en milieu rural<\/p><\/li><\/ul><p data-start=\"6003\" data-end=\"6297\">Les mutuelles sociales b\u00e9n\u00e9ficient \u00e9galement du <strong data-start=\"6051\" data-end=\"6079\">Projet CAP CSU \u2013 Phase 2<\/strong> gr\u00e2ce au renforcement de leurs capacit\u00e9s et de leurs outils de gestion. Indirectement, le projet contribue \u00e0 am\u00e9liorer le syst\u00e8me de sant\u00e9 local et \u00e0 r\u00e9duire la pression financi\u00e8re sur les m\u00e9nages en cas de maladie.<\/p><hr data-start=\"6299\" data-end=\"6302\" \/><h2 data-start=\"6304\" data-end=\"6353\"><span style=\"font-size: 20px;\">Impacts attendus du Projet CAP CSU \u2013 Phase 2<\/span><\/h2><p data-start=\"6355\" data-end=\"6440\">Le <strong data-start=\"6358\" data-end=\"6386\">Projet CAP CSU \u2013 Phase 2<\/strong> vise \u00e0 g\u00e9n\u00e9rer des impacts durables et mesurables :<\/p><ul data-start=\"6442\" data-end=\"6876\"><li data-start=\"6442\" data-end=\"6524\"><p data-start=\"6444\" data-end=\"6524\">Am\u00e9lioration de la coordination des acteurs de la couverture sant\u00e9 universelle<\/p><\/li><li data-start=\"6525\" data-end=\"6582\"><p data-start=\"6527\" data-end=\"6582\">Renforcement de la gouvernance des mutuelles sociales<\/p><\/li><li data-start=\"6583\" data-end=\"6652\"><p data-start=\"6585\" data-end=\"6652\">Augmentation de l\u2019adh\u00e9sion des populations aux mutuelles sociales<\/p><\/li><li data-start=\"6653\" data-end=\"6718\"><p data-start=\"6655\" data-end=\"6718\">Promotion de la participation citoyenne et de la redevabilit\u00e9<\/p><\/li><li data-start=\"6719\" data-end=\"6809\"><p data-start=\"6721\" data-end=\"6809\">Contribution \u00e0 la mise en place de politiques publiques inclusives en mati\u00e8re de sant\u00e9<\/p><\/li><li data-start=\"6810\" data-end=\"6876\"><p data-start=\"6812\" data-end=\"6876\">R\u00e9duction des in\u00e9galit\u00e9s en mati\u00e8re d\u2019acc\u00e8s aux soins de sant\u00e9<\/p><\/li><\/ul><hr data-start=\"6878\" data-end=\"6881\" \/><h2 data-start=\"6883\" data-end=\"6914\"><span style=\"font-size: 20px;\">Durabilit\u00e9 et perspectives<\/span><\/h2><p data-start=\"6916\" data-end=\"7246\">La durabilit\u00e9 du <strong data-start=\"6933\" data-end=\"6961\">Projet CAP CSU \u2013 Phase 2<\/strong> repose sur le renforcement des capacit\u00e9s locales et l\u2019appropriation des actions par les communaut\u00e9s. En soutenant les mutuelles sociales et en am\u00e9liorant la coordination des acteurs, le projet cr\u00e9e des m\u00e9canismes p\u00e9rennes pour une couverture sant\u00e9 universelle efficace et inclusive.<\/p><p data-start=\"7248\" data-end=\"7406\">\u00c0 long terme, les acquis du projet renforceront le syst\u00e8me de sant\u00e9 communautaire et am\u00e9lioreront la r\u00e9silience des populations face aux risques sanitaires.<\/p><hr data-start=\"7408\" data-end=\"7411\" \/><h2 data-start=\"7413\" data-end=\"7475\"><span style=\"font-size: 20px;\">Un projet strat\u00e9gique pour la sant\u00e9 au B\u00e9nin<\/span><\/h2><p data-start=\"7477\" data-end=\"7832\">Le <strong data-start=\"7480\" data-end=\"7508\">Projet CAP CSU \u2013 Phase 2<\/strong> illustre l\u2019engagement de la FENAMUS-B\u00c9NIN et de l\u2019Association ESSENTIEL pour renforcer la couverture sant\u00e9 universelle au B\u00e9nin. En pla\u00e7ant la coordination, la professionnalisation et la participation citoyenne au c\u0153ur de l\u2019action, le projet contribue \u00e0 construire un syst\u00e8me de sant\u00e9 plus solidaire, inclusif et durable.<\/p><hr data-start=\"7834\" data-end=\"7837\" \/><h2 data-start=\"7839\" data-end=\"7863\"><span style=\"font-size: 22px;\">Appel \u00e0 partenariat<\/span><\/h2><p data-start=\"7865\" data-end=\"8217\">Vous \u00eates une ONG, une association ou une institution engag\u00e9e dans la sant\u00e9 communautaire et la protection sociale ? Rejoignez la dynamique de la FENAMUS-B\u00c9NIN et devenez partenaire du <strong data-start=\"8050\" data-end=\"8078\">Projet CAP CSU \u2013 Phase 2<\/strong>. Ensemble, renfor\u00e7ons la coordination des acteurs, am\u00e9liorons l\u2019acc\u00e8s aux soins et consolidons la couverture sant\u00e9 universelle au B\u00e9nin.<\/p>\t\t\t\t\t\t\t\t<\/div>\n\t\t\t\t\t<\/div>\n\t\t\t\t<\/div>\n\t\t<div class=\"elementor-element elementor-element-72f7db5 e-flex e-con-boxed e-con e-parent\" data-id=\"72f7db5\" data-element_type=\"container\" data-e-type=\"container\">\n\t\t\t\t\t<div class=\"e-con-inner\">\n\t\t\t\t<div class=\"elementor-element elementor-element-bc926f3 elementor-align-center elementor-invisible elementor-widget elementor-widget-button\" data-id=\"bc926f3\" data-element_type=\"widget\" data-e-type=\"widget\" data-settings=\"{&quot;_animation&quot;:&quot;fadeInLeft&quot;}\" data-widget_type=\"button.default\">\n\t\t\t\t\t\t\t\t\t\t<a class=\"elementor-button elementor-button-link elementor-size-sm elementor-animation-grow\" href=\"https:\/\/fenamus-benin.org\/index.php\/contact\/\">\n\t\t\t\t\t\t<span class=\"elementor-button-content-wrapper\">\n\t\t\t\t\t\t\t\t\t<span class=\"elementor-button-text\">Devenir partenaire<\/span>\n\t\t\t\t\t<\/span>\n\t\t\t\t\t<\/a>\n\t\t\t\t\t\t\t\t<\/div>\n\t\t\t\t\t<\/div>\n\t\t\t\t<\/div>\n\t\t\t\t<\/div>\n\t\t","protected":false},"excerpt":{"rendered":"<p>Projet CAP CSU \u2013 Phase 2 : Coordination pour la Promotion de la Couverture Sant\u00e9 Universelle au B\u00e9nin Contexte et justification du Projet CAP CSU \u2013 Phase 2 L\u2019acc\u00e8s \u00e9quitable aux soins de sant\u00e9 reste un d\u00e9fi majeur pour de nombreuses populations b\u00e9ninoises, notamment celles vivant en milieu rural, les travailleurs du secteur informel et [&hellip;]<\/p>\n","protected":false},"author":1,"featured_media":0,"parent":0,"menu_order":0,"comment_status":"closed","ping_status":"closed","template":"","meta":{"footnotes":""},"class_list":["post-37491","page","type-page","status-publish","hentry"],"_links":{"self":[{"href":"https:\/\/fenamus-benin.org\/index.php\/wp-json\/wp\/v2\/pages\/37491","targetHints":{"allow":["GET"]}}],"collection":[{"href":"https:\/\/fenamus-benin.org\/index.php\/wp-json\/wp\/v2\/pages"}],"about":[{"href":"https:\/\/fenamus-benin.org\/index.php\/wp-json\/wp\/v2\/types\/page"}],"author":[{"embeddable":true,"href":"https:\/\/fenamus-benin.org\/index.php\/wp-json\/wp\/v2\/users\/1"}],"replies":[{"embeddable":true,"href":"https:\/\/fenamus-benin.org\/index.php\/wp-json\/wp\/v2\/comments?post=37491"}],"version-history":[{"count":31,"href":"https:\/\/fenamus-benin.org\/index.php\/wp-json\/wp\/v2\/pages\/37491\/revisions"}],"predecessor-version":[{"id":38558,"href":"https:\/\/fenamus-benin.org\/index.php\/wp-json\/wp\/v2\/pages\/37491\/revisions\/38558"}],"wp:attachment":[{"href":"https:\/\/fenamus-benin.org\/index.php\/wp-json\/wp\/v2\/media?parent=37491"}],"curies":[{"name":"wp","href":"https:\/\/api.w.org\/{rel}","templated":true}]}}