{"id":37444,"date":"2025-12-15T13:54:06","date_gmt":"2025-12-15T13:54:06","guid":{"rendered":"https:\/\/fenamus-benin.org\/?page_id=37444"},"modified":"2025-12-21T13:30:33","modified_gmt":"2025-12-21T13:30:33","slug":"nos-partenaires","status":"publish","type":"page","link":"https:\/\/fenamus-benin.org\/index.php\/nos-partenaires\/","title":{"rendered":"Nos partenaires"},"content":{"rendered":"\t\t<div data-elementor-type=\"wp-page\" data-elementor-id=\"37444\" class=\"elementor elementor-37444\">\n\t\t\t\t<div class=\"elementor-element elementor-element-489f466 e-flex e-con-boxed e-con e-parent\" data-id=\"489f466\" data-element_type=\"container\" data-e-type=\"container\">\n\t\t\t\t\t<div class=\"e-con-inner\">\n\t\t\t\t<div class=\"elementor-element elementor-element-9446dcb elementor-widget elementor-widget-heading\" data-id=\"9446dcb\" data-element_type=\"widget\" data-e-type=\"widget\" data-widget_type=\"heading.default\">\n\t\t\t\t\t<h2 class=\"elementor-heading-title elementor-size-default\">Les partenaires financiers de la F\u00e9d\u00e9ration Nationale de la Mutualit\u00e9 du B\u00e9nin (FENAMUS-B\u00c9NIN)<\/h2>\t\t\t\t<\/div>\n\t\t\t\t\t<\/div>\n\t\t\t\t<\/div>\n\t\t<section class=\"elementor-element elementor-element-6e3df30 e-flex e-con-boxed e-con e-parent\" data-id=\"6e3df30\" data-element_type=\"container\" data-e-type=\"container\" data-settings=\"{&quot;background_background&quot;:&quot;classic&quot;}\">\n\t\t\t\t\t<div class=\"e-con-inner\">\n\t\t<div class=\"elementor-element elementor-element-615f95d e-con-full e-flex elementor-invisible e-con e-child\" data-id=\"615f95d\" data-element_type=\"container\" data-e-type=\"container\" data-settings=\"{&quot;animation&quot;:&quot;zoomIn&quot;}\">\n\t\t<div class=\"elementor-element elementor-element-37cea68 e-con-full e-flex e-con e-child\" data-id=\"37cea68\" data-element_type=\"container\" data-e-type=\"container\" data-settings=\"{&quot;animation&quot;:&quot;none&quot;}\">\n\t\t\t\t<div class=\"elementor-element elementor-element-eac5e69 elementor-widget elementor-widget-image\" data-id=\"eac5e69\" data-element_type=\"widget\" data-e-type=\"widget\" data-widget_type=\"image.default\">\n\t\t\t\t\t\t\t\t\t\t\t\t\t\t\t\t<a href=\"https:\/\/louvaincooperation.org\/fr\" target=\"_blank\" rel=\"noopener\">\n\t\t\t\t\t\t\t<img fetchpriority=\"high\" decoding=\"async\" width=\"726\" height=\"299\" src=\"https:\/\/fenamus-benin.org\/wp-content\/uploads\/2025\/12\/LC_ong_uclouvain_FR_2.png\" class=\"attachment-large size-large wp-image-37259\" alt=\"Louvain, partenaire de FENAMUS-BENIN\" srcset=\"https:\/\/fenamus-benin.org\/wp-content\/uploads\/2025\/12\/LC_ong_uclouvain_FR_2.png 726w, https:\/\/fenamus-benin.org\/wp-content\/uploads\/2025\/12\/LC_ong_uclouvain_FR_2-300x124.png 300w\" sizes=\"(max-width: 726px) 100vw, 726px\" \/>\t\t\t\t\t\t\t\t<\/a>\n\t\t\t\t\t\t\t\t\t\t\t\t\t\t\t<\/div>\n\t\t\t\t<\/div>\n\t\t<div class=\"elementor-element elementor-element-7e2a92b e-con-full e-flex e-con e-child\" data-id=\"7e2a92b\" data-element_type=\"container\" data-e-type=\"container\">\n\t\t\t\t<div class=\"elementor-element elementor-element-44e4bfd elementor-widget elementor-widget-image\" data-id=\"44e4bfd\" data-element_type=\"widget\" data-e-type=\"widget\" data-widget_type=\"image.default\">\n\t\t\t\t\t\t\t\t\t\t\t\t\t\t\t\t<a href=\"https:\/\/essentiel-international.org\/\" target=\"_blank\" rel=\"noopener\">\n\t\t\t\t\t\t\t<img decoding=\"async\" width=\"400\" height=\"112\" src=\"https:\/\/fenamus-benin.org\/wp-content\/uploads\/2025\/12\/cropped-LOGO_ESSENTIEL_baseline-400px-web.png\" class=\"attachment-large size-large wp-image-37260\" alt=\"Logo Essentiel, partenaire de FENAMUS-BENIN\" srcset=\"https:\/\/fenamus-benin.org\/wp-content\/uploads\/2025\/12\/cropped-LOGO_ESSENTIEL_baseline-400px-web.png 400w, https:\/\/fenamus-benin.org\/wp-content\/uploads\/2025\/12\/cropped-LOGO_ESSENTIEL_baseline-400px-web-300x84.png 300w\" sizes=\"(max-width: 400px) 100vw, 400px\" \/>\t\t\t\t\t\t\t\t<\/a>\n\t\t\t\t\t\t\t\t\t\t\t\t\t\t\t<\/div>\n\t\t\t\t<\/div>\n\t\t<div class=\"elementor-element elementor-element-f486ca3 e-con-full e-flex e-con e-child\" data-id=\"f486ca3\" data-element_type=\"container\" data-e-type=\"container\">\n\t\t\t\t<div class=\"elementor-element elementor-element-e045a3e elementor-widget elementor-widget-image\" data-id=\"e045a3e\" data-element_type=\"widget\" data-e-type=\"widget\" data-widget_type=\"image.default\">\n\t\t\t\t\t\t\t\t\t\t\t\t\t\t\t\t<a href=\"https:\/\/www.wsm.be\/\" target=\"_blank\" rel=\"noopener\">\n\t\t\t\t\t\t\t<img decoding=\"async\" width=\"380\" height=\"140\" src=\"https:\/\/fenamus-benin.org\/wp-content\/uploads\/2025\/12\/logox2-new.png\" class=\"attachment-large size-large wp-image-37264\" alt=\"WSM, partenaire de FENAMUS B\u00e9nin\" srcset=\"https:\/\/fenamus-benin.org\/wp-content\/uploads\/2025\/12\/logox2-new.png 380w, https:\/\/fenamus-benin.org\/wp-content\/uploads\/2025\/12\/logox2-new-300x111.png 300w\" sizes=\"(max-width: 380px) 100vw, 380px\" \/>\t\t\t\t\t\t\t\t<\/a>\n\t\t\t\t\t\t\t\t\t\t\t\t\t\t\t<\/div>\n\t\t\t\t<\/div>\n\t\t\t\t<\/div>\n\t\t\t\t\t<\/div>\n\t\t\t\t<\/section>\n\t\t<div class=\"elementor-element elementor-element-15b2adf e-flex e-con-boxed e-con e-parent\" data-id=\"15b2adf\" data-element_type=\"container\" data-e-type=\"container\">\n\t\t\t\t\t<div class=\"e-con-inner\">\n\t\t\t\t<div class=\"elementor-element elementor-element-2aa5e3a elementor-align-center elementor-widget elementor-widget-button\" data-id=\"2aa5e3a\" data-element_type=\"widget\" data-e-type=\"widget\" data-widget_type=\"button.default\">\n\t\t\t\t\t\t\t\t\t\t<a class=\"elementor-button elementor-button-link elementor-size-sm elementor-animation-grow\" href=\"https:\/\/fenamus-benin.org\/index.php\/contact\/\">\n\t\t\t\t\t\t<span class=\"elementor-button-content-wrapper\">\n\t\t\t\t\t\t\t\t\t<span class=\"elementor-button-text\">Devenir partenaire<\/span>\n\t\t\t\t\t<\/span>\n\t\t\t\t\t<\/a>\n\t\t\t\t\t\t\t\t<\/div>\n\t\t\t\t\t<\/div>\n\t\t\t\t<\/div>\n\t\t<div class=\"elementor-element elementor-element-8965c9c e-flex e-con-boxed e-con e-parent\" data-id=\"8965c9c\" data-element_type=\"container\" data-e-type=\"container\">\n\t\t\t\t\t<div class=\"e-con-inner\">\n\t\t<script>\r\n    jQuery(document).ready(function($) {\r\n        function toggleRepeaterFields() {\r\n            let style = $('.elementor-control-style select').val();\r\n\r\n            if (style === 'style1') {\r\n                $('.elementor-control-testimonials').show();\r\n            } else {\r\n                $('.elementor-control-testimonials').hide();\r\n            }\r\n        }\r\n\r\n        \/\/ Run when the style dropdown changes\r\n        $(document).on('change', '.elementor-control-style select', function() {\r\n            toggleRepeaterFields();\r\n        });\r\n\r\n        \/\/ Run on initialization\r\n        setTimeout(() => {\r\n            toggleRepeaterFields();\r\n        }, 1000);\r\n    });\r\n<\/script>\t\t<div class=\"elementor-element elementor-element-69b773a elementor-widget elementor-widget-text-editor\" data-id=\"69b773a\" data-element_type=\"widget\" data-e-type=\"widget\" data-widget_type=\"text-editor.default\">\n\t\t\t\t\t\t\t\t\t<h3 data-start=\"256\" data-end=\"346\">Un partenariat strat\u00e9gique au service des actions sociales et de la sant\u00e9 communautaire<\/h3><p data-start=\"348\" data-end=\"892\">La <strong data-start=\"351\" data-end=\"416\">F\u00e9d\u00e9ration Nationale de la Mutualit\u00e9 du B\u00e9nin (FENAMUS-B\u00c9NIN)<\/strong> \u0153uvre depuis plusieurs ann\u00e9es pour l\u2019am\u00e9lioration durable de l\u2019acc\u00e8s \u00e9quitable aux soins de sant\u00e9 et au renforcement de la protection sociale au B\u00e9nin. Pour atteindre ces objectifs ambitieux, la f\u00e9d\u00e9ration s\u2019appuie sur des partenariats financiers solides, engag\u00e9s et align\u00e9s sur les valeurs de solidarit\u00e9, d\u2019\u00e9quit\u00e9 et de durabilit\u00e9. Ces partenariats constituent un levier essentiel pour la mise en \u0153uvre d\u2019actions sociales \u00e0 fort impact au profit des populations vuln\u00e9rables.<\/p><p data-start=\"894\" data-end=\"1181\">Gr\u00e2ce \u00e0 l\u2019appui de partenaires internationaux reconnus, la <strong data-start=\"953\" data-end=\"1018\">F\u00e9d\u00e9ration Nationale de la Mutualit\u00e9 du B\u00e9nin (FENAMUS-B\u00c9NIN)<\/strong> renforce ses capacit\u00e9s institutionnelles, d\u00e9veloppe des projets innovants et accompagne efficacement les mutuelles sociales sur l\u2019ensemble du territoire national.<\/p><hr data-start=\"1183\" data-end=\"1186\" \/><h3 data-start=\"1188\" data-end=\"1259\"><a href=\"https:\/\/louvaincooperation.org\/fr\" target=\"_blank\" rel=\"noopener\">LOUVAIN Coop\u00e9ration<\/a> : renforcer l\u2019acc\u00e8s \u00e9quitable aux soins de sant\u00e9<\/h3><p data-start=\"1261\" data-end=\"1624\">LOUVAIN Coop\u00e9ration est une organisation internationale de solidarit\u00e9 active dans plusieurs pays, dont le B\u00e9nin. En tant que partenaire financier majeur, elle accompagne la <strong data-start=\"1434\" data-end=\"1499\">F\u00e9d\u00e9ration Nationale de la Mutualit\u00e9 du B\u00e9nin (FENAMUS-B\u00c9NIN)<\/strong> dans la mise en \u0153uvre de projets structurants li\u00e9s \u00e0 l\u2019acc\u00e8s aux soins de sant\u00e9 et \u00e0 la promotion de la sant\u00e9 communautaire.<\/p><p data-start=\"1626\" data-end=\"1986\">Son soutien permet de renforcer les capacit\u00e9s organisationnelles des mutuelles sociales, d\u2019am\u00e9liorer la qualit\u00e9 des services offerts aux membres et de d\u00e9velopper des m\u00e9canismes de solidarit\u00e9 adapt\u00e9s aux r\u00e9alit\u00e9s locales. Gr\u00e2ce \u00e0 ce partenariat, des actions sociales cibl\u00e9es sont men\u00e9es en faveur des populations rurales et des travailleurs du secteur informel.<\/p><p data-start=\"1988\" data-end=\"2304\">LOUVAIN Coop\u00e9ration contribue \u00e9galement au renforcement du plaidoyer en faveur de la couverture sant\u00e9 universelle, un axe prioritaire port\u00e9 par la <strong data-start=\"2135\" data-end=\"2200\">F\u00e9d\u00e9ration Nationale de la Mutualit\u00e9 du B\u00e9nin (FENAMUS-B\u00c9NIN)<\/strong> en collaboration avec les acteurs institutionnels et les ONG B\u00e9nin engag\u00e9es dans la protection sociale.<\/p><hr data-start=\"2306\" data-end=\"2309\" \/><h3 data-start=\"2311\" data-end=\"2372\"><a href=\"https:\/\/essentiel-international.org\/\" target=\"_blank\" rel=\"noopener\">ONG ESSENTIEL<\/a> : promouvoir la couverture sant\u00e9 universelle<\/h3><p data-start=\"2374\" data-end=\"2733\">L\u2019ONG ESSENTIEL est un partenaire financier cl\u00e9 dans la mise en \u0153uvre du projet CAP CSU \u2013 Coordination des Acteurs pour la Promotion de la Couverture Sant\u00e9 Universelle. \u00c0 travers ce projet, la <strong data-start=\"2567\" data-end=\"2632\">F\u00e9d\u00e9ration Nationale de la Mutualit\u00e9 du B\u00e9nin (FENAMUS-B\u00c9NIN)<\/strong> b\u00e9n\u00e9ficie d\u2019un appui technique et financier visant \u00e0 structurer durablement le mouvement mutualiste.<\/p><p data-start=\"2735\" data-end=\"3130\">Ce partenariat permet de soutenir des actions sociales ax\u00e9es sur la sensibilisation des populations, la mobilisation communautaire et l\u2019am\u00e9lioration de la gouvernance des mutuelles sociales. L\u2019ONG ESSENTIEL accompagne \u00e9galement la f\u00e9d\u00e9ration dans le d\u00e9veloppement de strat\u00e9gies de suivi-\u00e9valuation et de redevabilit\u00e9, essentielles pour garantir la transparence et l\u2019efficacit\u00e9 des interventions.<\/p><p data-start=\"3132\" data-end=\"3406\">En collaborant avec l\u2019ONG ESSENTIEL, la <strong data-start=\"3172\" data-end=\"3237\">F\u00e9d\u00e9ration Nationale de la Mutualit\u00e9 du B\u00e9nin (FENAMUS-B\u00c9NIN)<\/strong> renforce son r\u00f4le de fa\u00eeti\u00e8re nationale et consolide son positionnement parmi les principales ONG B\u00e9nin actives dans le domaine de la sant\u00e9 et de la protection sociale.<\/p><hr data-start=\"3408\" data-end=\"3411\" \/><h3 data-start=\"3413\" data-end=\"3465\"><a href=\"https:\/\/www.wsm.be\/\" target=\"_blank\" rel=\"noopener\">WSM<\/a> : soutenir la solidarit\u00e9 et le travail d\u00e9cent<\/h3><p data-start=\"3467\" data-end=\"3837\">WSM (We Social Movements) est une organisation internationale engag\u00e9e dans la promotion du travail d\u00e9cent, de la protection sociale et de la solidarit\u00e9. En tant que partenaire financier, WSM soutient les actions sociales port\u00e9es par la <strong data-start=\"3703\" data-end=\"3768\">F\u00e9d\u00e9ration Nationale de la Mutualit\u00e9 du B\u00e9nin (FENAMUS-B\u00c9NIN)<\/strong> en faveur des travailleurs du secteur informel et du monde agricole.<\/p><p data-start=\"3839\" data-end=\"4186\">Ce partenariat contribue \u00e0 renforcer l\u2019inclusion sociale, \u00e0 r\u00e9duire les in\u00e9galit\u00e9s et \u00e0 promouvoir des syst\u00e8mes de protection sociale adapt\u00e9s aux r\u00e9alit\u00e9s \u00e9conomiques locales. Gr\u00e2ce \u00e0 l\u2019appui de WSM, la f\u00e9d\u00e9ration d\u00e9veloppe des initiatives visant \u00e0 am\u00e9liorer l\u2019acc\u00e8s aux soins, \u00e0 renforcer la pr\u00e9vention et \u00e0 encourager la participation citoyenne.<\/p><p data-start=\"4188\" data-end=\"4424\">WSM travaille en synergie avec la <strong data-start=\"4222\" data-end=\"4287\">F\u00e9d\u00e9ration Nationale de la Mutualit\u00e9 du B\u00e9nin (FENAMUS-B\u00c9NIN)<\/strong> et d\u2019autres ONG B\u00e9nin afin de cr\u00e9er un environnement favorable \u00e0 l\u2019\u00e9mergence de mutuelles sociales fortes, professionnelles et durables.<\/p><hr data-start=\"4426\" data-end=\"4429\" \/><h3 data-start=\"4431\" data-end=\"4487\">Des partenaires financiers au c\u0153ur de l\u2019impact social<\/h3><p data-start=\"4489\" data-end=\"4877\">L\u2019appui financier de ces partenaires permet \u00e0 la <strong data-start=\"4538\" data-end=\"4603\">F\u00e9d\u00e9ration Nationale de la Mutualit\u00e9 du B\u00e9nin (FENAMUS-B\u00c9NIN)<\/strong> de mener des actions sociales concr\u00e8tes et mesurables. Ces actions touchent directement les populations vuln\u00e9rables, renforcent la r\u00e9silience des communaut\u00e9s et contribuent \u00e0 l\u2019atteinte des Objectifs de D\u00e9veloppement Durable li\u00e9s \u00e0 la sant\u00e9, \u00e0 l\u2019\u00e9quit\u00e9 et aux partenariats.<\/p><p data-start=\"4879\" data-end=\"5181\">Gr\u00e2ce \u00e0 ces collaborations, la f\u00e9d\u00e9ration am\u00e9liore la structuration des mutuelles sociales, d\u00e9veloppe des outils de gestion performants et renforce les capacit\u00e9s des acteurs locaux. Ces partenariats favorisent \u00e9galement l\u2019innovation sociale et l\u2019apprentissage collectif au sein du mouvement mutualiste.<\/p><p data-start=\"5183\" data-end=\"5403\">La <strong data-start=\"5186\" data-end=\"5251\">F\u00e9d\u00e9ration Nationale de la Mutualit\u00e9 du B\u00e9nin (FENAMUS-B\u00c9NIN)<\/strong> s\u2019inscrit ainsi comme un acteur cr\u00e9dible et engag\u00e9, reconnu par ses partenaires et par l\u2019\u00e9cosyst\u00e8me des ONG B\u00e9nin \u0153uvrant pour le d\u00e9veloppement social.<\/p><hr data-start=\"5405\" data-end=\"5408\" \/><h3 data-start=\"5410\" data-end=\"5462\">Une dynamique de partenariat ouverte et inclusive<\/h3><p data-start=\"5464\" data-end=\"5878\">Les partenariats financiers ne se limitent pas \u00e0 un simple appui \u00e9conomique. Ils reposent sur une vision partag\u00e9e, des valeurs communes et un engagement mutuel en faveur des populations. En collaborant avec des organisations internationales et des ONG B\u00e9nin, la <strong data-start=\"5726\" data-end=\"5791\">F\u00e9d\u00e9ration Nationale de la Mutualit\u00e9 du B\u00e9nin (FENAMUS-B\u00c9NIN)<\/strong> renforce son impact et sa capacit\u00e9 \u00e0 r\u00e9pondre aux d\u00e9fis sociaux et sanitaires du pays.<\/p><p data-start=\"5880\" data-end=\"6133\">Cette dynamique de partenariat favorise le dialogue, le plaidoyer et la coordination des actions sociales \u00e0 l\u2019\u00e9chelle nationale. Elle permet \u00e9galement de mobiliser davantage de ressources au service de la sant\u00e9 communautaire et de la protection sociale.<\/p><p data-start=\"6164\" data-end=\"6450\">La <strong data-start=\"6167\" data-end=\"6232\">F\u00e9d\u00e9ration Nationale de la Mutualit\u00e9 du B\u00e9nin (FENAMUS-B\u00c9NIN)<\/strong> reste ouverte \u00e0 de nouveaux partenariats financiers et techniques. Vous \u00eates une ONG, une association, une institution nationale ou internationale engag\u00e9e dans les actions sociales, la sant\u00e9 ou la protection sociale ?<\/p><p data-start=\"6164\" data-end=\"6450\">\u00a0<strong data-start=\"6455\" data-end=\"6531\">Rejoignez la dynamique mutualiste et devenez partenaire de FENAMUS-B\u00c9NIN<\/strong><br data-start=\"6531\" data-end=\"6534\" \/>Ensemble, renfor\u00e7ons la solidarit\u00e9, am\u00e9liorons l\u2019acc\u00e8s \u00e9quitable aux soins de sant\u00e9 et construisons un syst\u00e8me de protection sociale inclusif et durable au B\u00e9nin.<\/p>\t\t\t\t\t\t\t\t<\/div>\n\t\t\t\t\t<\/div>\n\t\t\t\t<\/div>\n\t\t<div class=\"elementor-element elementor-element-d7063d6 e-flex e-con-boxed e-con e-parent\" data-id=\"d7063d6\" data-element_type=\"container\" data-e-type=\"container\">\n\t\t\t\t\t<div class=\"e-con-inner\">\n\t\t\t\t<div class=\"elementor-element elementor-element-da38462 elementor-align-center elementor-widget elementor-widget-button\" data-id=\"da38462\" data-element_type=\"widget\" data-e-type=\"widget\" data-widget_type=\"button.default\">\n\t\t\t\t\t\t\t\t\t\t<a class=\"elementor-button elementor-button-link elementor-size-sm elementor-animation-grow\" href=\"https:\/\/fenamus-benin.org\/index.php\/contact\/\">\n\t\t\t\t\t\t<span class=\"elementor-button-content-wrapper\">\n\t\t\t\t\t\t\t\t\t<span class=\"elementor-button-text\">Devenir partenaire<\/span>\n\t\t\t\t\t<\/span>\n\t\t\t\t\t<\/a>\n\t\t\t\t\t\t\t\t<\/div>\n\t\t\t\t\t<\/div>\n\t\t\t\t<\/div>\n\t\t\t\t<\/div>\n\t\t","protected":false},"excerpt":{"rendered":"<p>Les partenaires financiers de la F\u00e9d\u00e9ration Nationale de la Mutualit\u00e9 du B\u00e9nin (FENAMUS-B\u00c9NIN) Devenir partenaire Un partenariat strat\u00e9gique au service des actions sociales et de la sant\u00e9 communautaire La F\u00e9d\u00e9ration Nationale de la Mutualit\u00e9 du B\u00e9nin (FENAMUS-B\u00c9NIN) \u0153uvre depuis plusieurs ann\u00e9es pour l\u2019am\u00e9lioration durable de l\u2019acc\u00e8s \u00e9quitable aux soins de sant\u00e9 et au renforcement de [&hellip;]<\/p>\n","protected":false},"author":1,"featured_media":0,"parent":0,"menu_order":0,"comment_status":"closed","ping_status":"closed","template":"","meta":{"footnotes":""},"class_list":["post-37444","page","type-page","status-publish","hentry"],"_links":{"self":[{"href":"https:\/\/fenamus-benin.org\/index.php\/wp-json\/wp\/v2\/pages\/37444","targetHints":{"allow":["GET"]}}],"collection":[{"href":"https:\/\/fenamus-benin.org\/index.php\/wp-json\/wp\/v2\/pages"}],"about":[{"href":"https:\/\/fenamus-benin.org\/index.php\/wp-json\/wp\/v2\/types\/page"}],"author":[{"embeddable":true,"href":"https:\/\/fenamus-benin.org\/index.php\/wp-json\/wp\/v2\/users\/1"}],"replies":[{"embeddable":true,"href":"https:\/\/fenamus-benin.org\/index.php\/wp-json\/wp\/v2\/comments?post=37444"}],"version-history":[{"count":6,"href":"https:\/\/fenamus-benin.org\/index.php\/wp-json\/wp\/v2\/pages\/37444\/revisions"}],"predecessor-version":[{"id":38504,"href":"https:\/\/fenamus-benin.org\/index.php\/wp-json\/wp\/v2\/pages\/37444\/revisions\/38504"}],"wp:attachment":[{"href":"https:\/\/fenamus-benin.org\/index.php\/wp-json\/wp\/v2\/media?parent=37444"}],"curies":[{"name":"wp","href":"https:\/\/api.w.org\/{rel}","templated":true}]}}