{"id":37433,"date":"2025-12-15T09:50:42","date_gmt":"2025-12-15T09:50:42","guid":{"rendered":"https:\/\/fenamus-benin.org\/?page_id=37433"},"modified":"2025-12-21T11:58:47","modified_gmt":"2025-12-21T11:58:47","slug":"nos-projets","status":"publish","type":"page","link":"https:\/\/fenamus-benin.org\/index.php\/nos-projets\/","title":{"rendered":"Nos projets"},"content":{"rendered":"\t\t<div data-elementor-type=\"wp-page\" data-elementor-id=\"37433\" class=\"elementor elementor-37433\">\n\t\t\t\t<div class=\"elementor-element elementor-element-7ba72c0 e-flex e-con-boxed e-con e-parent\" data-id=\"7ba72c0\" data-element_type=\"container\" data-e-type=\"container\">\n\t\t\t\t\t<div class=\"e-con-inner\">\n\t\t\t\t<div class=\"elementor-element elementor-element-e45eb21 elementor-widget elementor-widget-heading\" data-id=\"e45eb21\" data-element_type=\"widget\" data-e-type=\"widget\" data-widget_type=\"heading.default\">\n\t\t\t\t\t<h2 class=\"elementor-heading-title elementor-size-default\">Les projets de FENAMUS-B\u00c9NIN : des actions sociales au service de la sant\u00e9 pour tous<\/h2>\t\t\t\t<\/div>\n\t\t\t\t\t<\/div>\n\t\t\t\t<\/div>\n\t\t<div class=\"elementor-element elementor-element-917af07 e-flex e-con-boxed e-con e-parent\" data-id=\"917af07\" data-element_type=\"container\" data-e-type=\"container\">\n\t\t\t\t\t<div class=\"e-con-inner\">\n\t\t<div class=\"elementor-element elementor-element-2d1ea91 e-con-full e-flex e-con e-child\" data-id=\"2d1ea91\" data-element_type=\"container\" data-e-type=\"container\">\n\t\t<div class=\"elementor-element elementor-element-5ce6de0 e-con-full e-flex e-con e-child\" data-id=\"5ce6de0\" data-element_type=\"container\" data-e-type=\"container\">\n\t\t<div class=\"elementor-element elementor-element-db5590b e-grid e-con-full e-con e-child\" data-id=\"db5590b\" data-element_type=\"container\" data-e-type=\"container\">\n\t\t<div class=\"elementor-element elementor-element-7f1c0c4 e-con-full e-flex e-con e-child\" data-id=\"7f1c0c4\" data-element_type=\"container\" data-e-type=\"container\">\n\t\t\t\t<div class=\"elementor-element elementor-element-4a9f8c9 elementor-widget elementor-widget-heading\" data-id=\"4a9f8c9\" data-element_type=\"widget\" data-e-type=\"widget\" data-widget_type=\"heading.default\">\n\t\t\t\t\t<h2 class=\"elementor-heading-title elementor-size-default\">1 CAP CSU-Coordination des Acteurs pour la Promotion de la Couverture Sant\u00e9 Universelle, phase 2\tAssociation ESSENTIEL\n<\/h2>\t\t\t\t<\/div>\n\t\t\t\t<\/div>\n\t\t<div class=\"elementor-element elementor-element-10051d3 e-con-full e-flex e-con e-child\" data-id=\"10051d3\" data-element_type=\"container\" data-e-type=\"container\">\n\t\t\t\t<div class=\"elementor-element elementor-element-57deedb elementor-widget elementor-widget-heading\" data-id=\"57deedb\" data-element_type=\"widget\" data-e-type=\"widget\" data-widget_type=\"heading.default\">\n\t\t\t\t\t<h2 class=\"elementor-heading-title elementor-size-default\">Partenaire financier: Association ESSENTIEL<\/h2>\t\t\t\t<\/div>\n\t\t\t\t<div class=\"elementor-element elementor-element-fd48adb elementor-align-center elementor-widget elementor-widget-button\" data-id=\"fd48adb\" data-element_type=\"widget\" data-e-type=\"widget\" data-widget_type=\"button.default\">\n\t\t\t\t\t\t\t\t\t\t<a class=\"elementor-button elementor-button-link elementor-size-sm elementor-animation-grow\" href=\"https:\/\/fenamus-benin.org\/index.php\/projet-cap-csu-phase-2\/\">\n\t\t\t\t\t\t<span class=\"elementor-button-content-wrapper\">\n\t\t\t\t\t\t\t\t\t<span class=\"elementor-button-text\">En savoir plus<\/span>\n\t\t\t\t\t<\/span>\n\t\t\t\t\t<\/a>\n\t\t\t\t\t\t\t\t<\/div>\n\t\t\t\t<\/div>\n\t\t\t\t<\/div>\n\t\t\t\t<\/div>\n\t\t<div class=\"elementor-element elementor-element-ca4ff56 e-con-full e-flex e-con e-child\" data-id=\"ca4ff56\" data-element_type=\"container\" data-e-type=\"container\">\n\t\t<div class=\"elementor-element elementor-element-5735d24 e-grid e-con-full e-con e-child\" data-id=\"5735d24\" data-element_type=\"container\" data-e-type=\"container\">\n\t\t<div class=\"elementor-element elementor-element-e492878 e-con-full e-flex e-con e-child\" data-id=\"e492878\" data-element_type=\"container\" data-e-type=\"container\">\n\t\t\t\t<div class=\"elementor-element elementor-element-22eee95 elementor-widget elementor-widget-heading\" data-id=\"22eee95\" data-element_type=\"widget\" data-e-type=\"widget\" data-widget_type=\"heading.default\">\n\t\t\t\t\t<h2 class=\"elementor-heading-title elementor-size-default\">Acc\u00e8s aux Soins de Sant\u00e9 et \u00e0 la Promotion de Sant\u00e9 au B\u00e9nin (ASS&amp;PS-B\u00e9nin)<\/h2>\t\t\t\t<\/div>\n\t\t\t\t<\/div>\n\t\t<div class=\"elementor-element elementor-element-f5c56fa e-con-full e-flex e-con e-child\" data-id=\"f5c56fa\" data-element_type=\"container\" data-e-type=\"container\">\n\t\t\t\t<div class=\"elementor-element elementor-element-3d01132 elementor-widget elementor-widget-heading\" data-id=\"3d01132\" data-element_type=\"widget\" data-e-type=\"widget\" data-widget_type=\"heading.default\">\n\t\t\t\t\t<h2 class=\"elementor-heading-title elementor-size-default\">Partenaire financier: Louvain Coop\u00e9ration<\/h2>\t\t\t\t<\/div>\n\t\t\t\t<div class=\"elementor-element elementor-element-faa8a4d elementor-align-center elementor-widget elementor-widget-button\" data-id=\"faa8a4d\" data-element_type=\"widget\" data-e-type=\"widget\" data-widget_type=\"button.default\">\n\t\t\t\t\t\t\t\t\t\t<a class=\"elementor-button elementor-button-link elementor-size-sm elementor-animation-grow\" href=\"https:\/\/fenamus-benin.org\/index.php\/projet-ass-ps-benin\/\">\n\t\t\t\t\t\t<span class=\"elementor-button-content-wrapper\">\n\t\t\t\t\t\t\t\t\t<span class=\"elementor-button-text\">En savoir plus<\/span>\n\t\t\t\t\t<\/span>\n\t\t\t\t\t<\/a>\n\t\t\t\t\t\t\t\t<\/div>\n\t\t\t\t<\/div>\n\t\t\t\t<\/div>\n\t\t\t\t<\/div>\n\t\t\t\t<\/div>\n\t\t\t\t\t<\/div>\n\t\t\t\t<\/div>\n\t\t<div class=\"elementor-element elementor-element-24baefe e-flex e-con-boxed e-con e-parent\" data-id=\"24baefe\" data-element_type=\"container\" data-e-type=\"container\">\n\t\t\t\t\t<div class=\"e-con-inner\">\n\t\t\t\t<div class=\"elementor-element elementor-element-962e483 elementor-align-center elementor-widget elementor-widget-button\" data-id=\"962e483\" data-element_type=\"widget\" data-e-type=\"widget\" data-widget_type=\"button.default\">\n\t\t\t\t\t\t\t\t\t\t<a class=\"elementor-button elementor-button-link elementor-size-sm elementor-animation-grow\" href=\"https:\/\/fenamus-benin.org\/index.php\/contact\/\">\n\t\t\t\t\t\t<span class=\"elementor-button-content-wrapper\">\n\t\t\t\t\t\t\t\t\t<span class=\"elementor-button-text\">Devenir partenaire<\/span>\n\t\t\t\t\t<\/span>\n\t\t\t\t\t<\/a>\n\t\t\t\t\t\t\t\t<\/div>\n\t\t\t\t\t<\/div>\n\t\t\t\t<\/div>\n\t\t<div class=\"elementor-element elementor-element-6dea856 e-flex e-con-boxed e-con e-parent\" data-id=\"6dea856\" data-element_type=\"container\" data-e-type=\"container\">\n\t\t\t\t\t<div class=\"e-con-inner\">\n\t\t<script>\r\n    jQuery(document).ready(function($) {\r\n        function toggleRepeaterFields() {\r\n            let style = $('.elementor-control-style select').val();\r\n\r\n            if (style === 'style1') {\r\n                $('.elementor-control-testimonials').show();\r\n            } else {\r\n                $('.elementor-control-testimonials').hide();\r\n            }\r\n        }\r\n\r\n        \/\/ Run when the style dropdown changes\r\n        $(document).on('change', '.elementor-control-style select', function() {\r\n            toggleRepeaterFields();\r\n        });\r\n\r\n        \/\/ Run on initialization\r\n        setTimeout(() => {\r\n            toggleRepeaterFields();\r\n        }, 1000);\r\n    });\r\n<\/script>\t\t<div class=\"elementor-element elementor-element-38db5b6 elementor-widget elementor-widget-text-editor\" data-id=\"38db5b6\" data-element_type=\"widget\" data-e-type=\"widget\" data-widget_type=\"text-editor.default\">\n\t\t\t\t\t\t\t\t\t<h2 data-start=\"266\" data-end=\"339\"><span style=\"font-size: 20px;\">Des projets structurants pour renforcer la protection sociale au B\u00e9nin<\/span><\/h2><p data-start=\"341\" data-end=\"847\">La FENAMUS-B\u00c9NIN met en \u0153uvre des initiatives concr\u00e8tes visant \u00e0 am\u00e9liorer durablement l\u2019acc\u00e8s aux soins de sant\u00e9 et la protection sociale des populations. \u00c0 travers chaque <strong data-start=\"514\" data-end=\"537\">Projet social b\u00e9nin<\/strong>, la f\u00e9d\u00e9ration agit au plus pr\u00e8s des communaut\u00e9s, en particulier les plus vuln\u00e9rables, afin de r\u00e9pondre aux d\u00e9fis sanitaires et sociaux du pays. Ces actions reposent sur une approche participative, solidaire et inclusive, en lien \u00e9troit avec les mutuelles sociales et les partenaires techniques et financiers.<\/p><p data-start=\"849\" data-end=\"1203\">Chaque <strong data-start=\"856\" data-end=\"879\">Projet social b\u00e9nin<\/strong> port\u00e9 par FENAMUS-B\u00c9NIN s\u2019inscrit dans une dynamique nationale de promotion de la couverture sant\u00e9 universelle et de renforcement des syst\u00e8mes communautaires. Ces initiatives constituent \u00e9galement un <strong data-start=\"1080\" data-end=\"1100\">projet sanitaire<\/strong> strat\u00e9gique pour soutenir les politiques publiques de sant\u00e9 et renforcer l\u2019impact social \u00e0 long terme.<\/p><hr data-start=\"1205\" data-end=\"1208\" \/><h2 data-start=\"1210\" data-end=\"1239\"><span style=\"font-size: 20px;\">Projet CAP CSU \u2013 Phase 2<\/span><\/h2><h3 data-start=\"1240\" data-end=\"1321\"><span style=\"font-size: 20px;\">Coordination des Acteurs pour la Promotion de la Couverture Sant\u00e9 Universelle<\/span><\/h3><p data-start=\"1323\" data-end=\"1598\">Le projet CAP CSU, phase 2, est un <strong data-start=\"1358\" data-end=\"1381\">Projet social b\u00e9nin<\/strong> majeur mis en \u0153uvre par FENAMUS-B\u00c9NIN avec l\u2019appui financier de l\u2019Association ESSENTIEL. Ce projet vise \u00e0 renforcer la coordination des acteurs impliqu\u00e9s dans la promotion de la couverture sant\u00e9 universelle au B\u00e9nin.<\/p><p data-start=\"1600\" data-end=\"1926\">\u00c0 travers ce <strong data-start=\"1613\" data-end=\"1636\">Projet social b\u00e9nin<\/strong>, FENAMUS-B\u00c9NIN \u0153uvre pour une meilleure structuration du mouvement mutualiste et pour l\u2019harmonisation des interventions des diff\u00e9rents acteurs de la protection sociale. Le projet met l\u2019accent sur la gouvernance, la professionnalisation des mutuelles sociales et la participation citoyenne.<\/p><p data-start=\"1928\" data-end=\"2282\">Le CAP CSU constitue \u00e9galement un <strong data-start=\"1962\" data-end=\"1982\">projet sanitaire<\/strong> cl\u00e9, car il contribue \u00e0 am\u00e9liorer l\u2019acc\u00e8s \u00e9quitable aux soins pour les populations du secteur informel et du monde rural. Les actions sociales men\u00e9es incluent la sensibilisation des communaut\u00e9s, le renforcement des capacit\u00e9s des responsables mutualistes et le plaidoyer aupr\u00e8s des d\u00e9cideurs publics.<\/p><p data-start=\"2284\" data-end=\"2527\">Gr\u00e2ce \u00e0 l\u2019accompagnement de l\u2019Association ESSENTIEL, ce <strong data-start=\"2340\" data-end=\"2363\">Projet social b\u00e9nin<\/strong> permet de consolider les m\u00e9canismes de suivi-\u00e9valuation et de redevabilit\u00e9, garantissant ainsi la transparence et l\u2019efficacit\u00e9 des actions sociales mises en \u0153uvre.<\/p><hr data-start=\"2529\" data-end=\"2532\" \/><h2 data-start=\"2534\" data-end=\"2560\"><span style=\"font-size: 20px;\">Projet ASS &amp; PS-B\u00c9NIN<\/span><\/h2><h3 data-start=\"2561\" data-end=\"2623\"><span style=\"font-size: 20px;\">Acc\u00e8s aux Soins de Sant\u00e9 et Promotion de la Sant\u00e9 au B\u00e9nin<\/span><\/h3><p data-start=\"2625\" data-end=\"2991\">Le projet Acc\u00e8s aux Soins de Sant\u00e9 et \u00e0 la Promotion de la Sant\u00e9 au B\u00e9nin (ASS &amp; PS-B\u00c9NIN) est un autre <strong data-start=\"2729\" data-end=\"2752\">Projet social b\u00e9nin<\/strong> structurant port\u00e9 par FENAMUS-B\u00c9NIN, avec le soutien financier de Louvain Coop\u00e9ration. Ce projet vise \u00e0 am\u00e9liorer l\u2019acc\u00e8s aux soins de sant\u00e9 tout en renfor\u00e7ant les actions de pr\u00e9vention et de promotion de la sant\u00e9 au niveau communautaire.<\/p><p data-start=\"2993\" data-end=\"3274\">Ce <strong data-start=\"2996\" data-end=\"3019\">Projet social b\u00e9nin<\/strong> s\u2019adresse principalement aux populations vuln\u00e9rables, vivant en milieu rural ou exer\u00e7ant des activit\u00e9s informelles g\u00e9n\u00e9ratrices de revenus. Il r\u00e9pond \u00e0 des besoins sanitaires essentiels et contribue \u00e0 r\u00e9duire les in\u00e9galit\u00e9s d\u2019acc\u00e8s aux services de sant\u00e9.<\/p><p data-start=\"3276\" data-end=\"3624\">Le projet ASS &amp; PS-B\u00c9NIN est \u00e9galement un <strong data-start=\"3318\" data-end=\"3338\">projet sanitaire<\/strong> \u00e0 fort impact social. Il permet de renforcer les capacit\u00e9s des mutuelles sociales \u00e0 offrir des services adapt\u00e9s, abordables et de qualit\u00e9. Les actions sociales men\u00e9es favorisent l\u2019\u00e9ducation sanitaire, la pr\u00e9vention des maladies et l\u2019adh\u00e9sion des populations aux m\u00e9canismes mutualistes.<\/p><p data-start=\"3626\" data-end=\"3849\">Gr\u00e2ce \u00e0 l\u2019appui de Louvain Coop\u00e9ration, ce <strong data-start=\"3669\" data-end=\"3692\">Projet social b\u00e9nin<\/strong> soutient l\u2019innovation sociale et encourage une approche int\u00e9gr\u00e9e de la sant\u00e9 communautaire, en lien avec les autorit\u00e9s locales et les structures sanitaires.<\/p><hr data-start=\"3851\" data-end=\"3854\" \/><h2 data-start=\"3856\" data-end=\"3907\"><span style=\"font-size: 20px;\">Des actions sociales \u00e0 fort impact communautaire<\/span><\/h2><p data-start=\"3909\" data-end=\"4268\">Les projets mis en \u0153uvre par FENAMUS-B\u00c9NIN ne se limitent pas \u00e0 des interventions ponctuelles. Chaque <strong data-start=\"4011\" data-end=\"4034\">Projet social b\u00e9nin<\/strong> s\u2019inscrit dans une vision globale de d\u00e9veloppement social durable. Les actions sociales men\u00e9es contribuent \u00e0 renforcer la r\u00e9silience des communaut\u00e9s, \u00e0 am\u00e9liorer la qualit\u00e9 de vie des populations et \u00e0 promouvoir la solidarit\u00e9 locale.<\/p><p data-start=\"4270\" data-end=\"4602\">Ces initiatives constituent aussi un <strong data-start=\"4307\" data-end=\"4327\">projet sanitaire<\/strong> transversal, car elles participent \u00e0 la pr\u00e9vention des risques sanitaires et \u00e0 la promotion de comportements favorables \u00e0 la sant\u00e9. Les mutuelles sociales jouent un r\u00f4le central dans la mise en \u0153uvre de ces actions sociales, en assurant une proximit\u00e9 avec les b\u00e9n\u00e9ficiaires.<\/p><p data-start=\"4604\" data-end=\"4858\">\u00c0 travers un <strong data-start=\"4617\" data-end=\"4640\">Projet social b\u00e9nin<\/strong>, FENAMUS-B\u00c9NIN favorise la participation citoyenne et le contr\u00f4le social des politiques publiques de sant\u00e9. Cette approche renforce la confiance des populations et am\u00e9liore l\u2019appropriation des projets au niveau local.<\/p><hr data-start=\"4860\" data-end=\"4863\" \/><h2 data-start=\"4865\" data-end=\"4920\"><span style=\"font-size: 20px;\">Une contribution aux priorit\u00e9s nationales et aux ODD<\/span><\/h2><p data-start=\"4922\" data-end=\"5245\">Chaque <strong data-start=\"4929\" data-end=\"4952\">Projet social b\u00e9nin<\/strong> port\u00e9 par FENAMUS-B\u00c9NIN contribue directement \u00e0 la r\u00e9alisation des priorit\u00e9s nationales en mati\u00e8re de sant\u00e9 et de protection sociale. Ces projets soutiennent les efforts du gouvernement b\u00e9ninois pour am\u00e9liorer l\u2019acc\u00e8s aux services sociaux de base et renforcer la couverture sant\u00e9 universelle.<\/p><p data-start=\"5247\" data-end=\"5554\">Ils s\u2019inscrivent \u00e9galement dans l\u2019atteinte des Objectifs de D\u00e9veloppement Durable, notamment l\u2019ODD 3 relatif \u00e0 la sant\u00e9 et au bien-\u00eatre, l\u2019ODD 8 sur le travail d\u00e9cent et l\u2019ODD 10 sur la r\u00e9duction des in\u00e9galit\u00e9s. En ce sens, chaque <strong data-start=\"5478\" data-end=\"5501\">Projet social b\u00e9nin<\/strong> devient un levier de transformation sociale durable.<\/p><hr data-start=\"5556\" data-end=\"5559\" \/><h2 data-start=\"5561\" data-end=\"5613\"><span style=\"font-size: 20px;\">Une dynamique de partenariat ouverte et \u00e9volutive<\/span><\/h2><p data-start=\"5615\" data-end=\"5920\">La r\u00e9ussite de chaque <strong data-start=\"5637\" data-end=\"5660\">Projet social b\u00e9nin<\/strong> repose sur la qualit\u00e9 des partenariats \u00e9tablis avec les organisations nationales et internationales. FENAMUS-B\u00c9NIN travaille en \u00e9troite collaboration avec ses partenaires financiers pour assurer la coh\u00e9rence, l\u2019efficacit\u00e9 et la p\u00e9rennit\u00e9 des actions sociales.<\/p><p data-start=\"5922\" data-end=\"6195\">Cette dynamique permet de renforcer l\u2019impact de chaque <strong data-start=\"5977\" data-end=\"5997\">projet sanitaire<\/strong> et d\u2019\u00e9largir la port\u00e9e des interventions au b\u00e9n\u00e9fice d\u2019un plus grand nombre de communaut\u00e9s. Elle favorise \u00e9galement l\u2019\u00e9change de bonnes pratiques et le renforcement des capacit\u00e9s institutionnelles.<\/p><hr data-start=\"6197\" data-end=\"6200\" \/><h2 data-start=\"6202\" data-end=\"6272\">\u00a0<span style=\"font-size: 20px;\">Des projets au service de la solidarit\u00e9 et de la sant\u00e9<\/span><\/h2><p data-start=\"6274\" data-end=\"6631\">\u00c0 travers ses initiatives, FENAMUS-B\u00c9NIN d\u00e9montre que chaque <strong data-start=\"6335\" data-end=\"6358\">Projet social b\u00e9nin<\/strong> est un outil puissant pour am\u00e9liorer l\u2019acc\u00e8s \u00e9quitable aux soins et renforcer la protection sociale. Les projets CAP CSU \u2013 Phase 2 et ASS &amp; PS-B\u00c9NIN illustrent l\u2019engagement de la f\u00e9d\u00e9ration en faveur d\u2019actions sociales inclusives, durables et orient\u00e9es vers les r\u00e9sultats.<\/p><p data-start=\"6633\" data-end=\"6825\">Ces projets constituent un <strong data-start=\"6660\" data-end=\"6680\">projet sanitaire<\/strong> porteur d\u2019espoir pour les populations vuln\u00e9rables et un mod\u00e8le de collaboration efficace entre acteurs communautaires et partenaires techniques.<\/p><hr data-start=\"6827\" data-end=\"6830\" \/><h2 data-start=\"6832\" data-end=\"6854\">Appel \u00e0 partenariat<\/h2><p data-start=\"6856\" data-end=\"7224\" data-is-last-node=\"\" data-is-only-node=\"\">Vous \u00eates une ONG, une association ou une institution engag\u00e9e dans les actions sociales et la sant\u00e9 communautaire ?<\/p><p data-start=\"6856\" data-end=\"7224\" data-is-last-node=\"\" data-is-only-node=\"\"><strong data-start=\"6977\" data-end=\"7041\">Rejoignez FENAMUS-B\u00c9NIN et devenez partenaire de ses projets<\/strong>.<br data-start=\"7042\" data-end=\"7045\" \/>Ensemble, d\u00e9veloppons de nouveaux <strong data-start=\"7079\" data-end=\"7102\">Projet social b\u00e9nin<\/strong>, renfor\u00e7ons l\u2019impact des actions sociales et construisons un syst\u00e8me de sant\u00e9 plus juste, solidaire et accessible \u00e0 tous.<\/p>\t\t\t\t\t\t\t\t<\/div>\n\t\t\t\t\t<\/div>\n\t\t\t\t<\/div>\n\t\t<div class=\"elementor-element elementor-element-46a4c31 e-flex e-con-boxed e-con e-parent\" data-id=\"46a4c31\" data-element_type=\"container\" data-e-type=\"container\">\n\t\t\t\t\t<div class=\"e-con-inner\">\n\t\t\t\t<div class=\"elementor-element elementor-element-8d9560c elementor-align-center elementor-invisible elementor-widget elementor-widget-button\" data-id=\"8d9560c\" data-element_type=\"widget\" data-e-type=\"widget\" data-settings=\"{&quot;_animation&quot;:&quot;fadeInLeft&quot;}\" data-widget_type=\"button.default\">\n\t\t\t\t\t\t\t\t\t\t<a class=\"elementor-button elementor-button-link elementor-size-sm elementor-animation-grow\" href=\"https:\/\/fenamus-benin.org\/index.php\/contact\/\">\n\t\t\t\t\t\t<span class=\"elementor-button-content-wrapper\">\n\t\t\t\t\t\t\t\t\t<span class=\"elementor-button-text\">Devenir partenaire<\/span>\n\t\t\t\t\t<\/span>\n\t\t\t\t\t<\/a>\n\t\t\t\t\t\t\t\t<\/div>\n\t\t\t\t\t<\/div>\n\t\t\t\t<\/div>\n\t\t\t\t<\/div>\n\t\t","protected":false},"excerpt":{"rendered":"<p>Les projets de FENAMUS-B\u00c9NIN : des actions sociales au service de la sant\u00e9 pour tous 1 CAP CSU-Coordination des Acteurs pour la Promotion de la Couverture Sant\u00e9 Universelle, phase 2 Association ESSENTIEL Partenaire financier: Association ESSENTIEL En savoir plus Acc\u00e8s aux Soins de Sant\u00e9 et \u00e0 la Promotion de Sant\u00e9 au B\u00e9nin (ASS&amp;PS-B\u00e9nin) Partenaire financier: [&hellip;]<\/p>\n","protected":false},"author":1,"featured_media":0,"parent":0,"menu_order":0,"comment_status":"closed","ping_status":"closed","template":"","meta":{"footnotes":""},"class_list":["post-37433","page","type-page","status-publish","hentry"],"_links":{"self":[{"href":"https:\/\/fenamus-benin.org\/index.php\/wp-json\/wp\/v2\/pages\/37433","targetHints":{"allow":["GET"]}}],"collection":[{"href":"https:\/\/fenamus-benin.org\/index.php\/wp-json\/wp\/v2\/pages"}],"about":[{"href":"https:\/\/fenamus-benin.org\/index.php\/wp-json\/wp\/v2\/types\/page"}],"author":[{"embeddable":true,"href":"https:\/\/fenamus-benin.org\/index.php\/wp-json\/wp\/v2\/users\/1"}],"replies":[{"embeddable":true,"href":"https:\/\/fenamus-benin.org\/index.php\/wp-json\/wp\/v2\/comments?post=37433"}],"version-history":[{"count":10,"href":"https:\/\/fenamus-benin.org\/index.php\/wp-json\/wp\/v2\/pages\/37433\/revisions"}],"predecessor-version":[{"id":38404,"href":"https:\/\/fenamus-benin.org\/index.php\/wp-json\/wp\/v2\/pages\/37433\/revisions\/38404"}],"wp:attachment":[{"href":"https:\/\/fenamus-benin.org\/index.php\/wp-json\/wp\/v2\/media?parent=37433"}],"curies":[{"name":"wp","href":"https:\/\/api.w.org\/{rel}","templated":true}]}}