{"id":26882,"date":"2025-07-03T07:07:04","date_gmt":"2025-07-03T07:07:04","guid":{"rendered":"https:\/\/lifeline.webinane.com\/?page_id=26882"},"modified":"2025-12-29T17:17:53","modified_gmt":"2025-12-29T17:17:53","slug":"actualites","status":"publish","type":"page","link":"https:\/\/fenamus-benin.org\/index.php\/actualites\/","title":{"rendered":"Actualit\u00e9s"},"content":{"rendered":"\t\t<div data-elementor-type=\"wp-page\" data-elementor-id=\"26882\" class=\"elementor elementor-26882\">\n\t\t\t\t<div class=\"elementor-element elementor-element-9f44558 e-flex e-con-boxed e-con e-parent\" data-id=\"9f44558\" data-element_type=\"container\" data-e-type=\"container\">\n\t\t\t\t\t<div class=\"e-con-inner\">\n\t\t<script>\r\n    jQuery(document).ready(function($) {\r\n        function toggleRepeaterFields() {\r\n            let style = $('.elementor-control-style select').val();\r\n\r\n            if (style === 'style1') {\r\n                $('.elementor-control-testimonials').show();\r\n            } else {\r\n                $('.elementor-control-testimonials').hide();\r\n            }\r\n        }\r\n\r\n        \/\/ Run when the style dropdown changes\r\n        $(document).on('change', '.elementor-control-style select', function() {\r\n            toggleRepeaterFields();\r\n        });\r\n\r\n        \/\/ Run on initialization\r\n        setTimeout(() => {\r\n            toggleRepeaterFields();\r\n        }, 1000);\r\n    });\r\n<\/script>\t\t<div class=\"elementor-element elementor-element-webinane_blog_post elementor-widget elementor-widget-BlogPost\" data-id=\"webinane_blog_post\" data-element_type=\"widget\" data-e-type=\"widget\" data-widget_type=\"BlogPost.grid6\">\n\t\t\t\t<div class=\"elementor-widget-container\">\n\t\t\t\t\t<div class=\"row custom-blog-wrapper blog-style-6\">\r\n            <div class=\"col-md-6 col-lg-4 col-sm-6 col-12\">\r\n            <div class=\"custom-blog-item\">\r\n                <!-- Featured Image Section -->\r\n                <div class=\"custom-blog-img position-relative\">\r\n                    <figure class=\"mb-0 position-relative\">\r\n                                                    <img fetchpriority=\"high\" decoding=\"async\" class=\"lif-img\" width=\"570\" height=\"350\" src=\"https:\/\/fenamus-benin.org\/wp-content\/uploads\/2025\/12\/Fenamus-Benin-et-ses-beneficiares-slide-3-570x350_c.png\" alt=\"\" \/>                                            <\/figure>\r\n                <\/div>\r\n\r\n                <div class=\"grid6-blog-content\">\r\n                    \r\n                    <!-- Title -->\r\n                    <h3 class=\"grid6-title lif-title\">\r\n                        <a href=\"https:\/\/fenamus-benin.org\/index.php\/2025\/12\/23\/mutualite-sociale-au-benin\/\" title=\"\">\r\n                            Mutualit\u00e9 sociale au B\u00e9nin : pourquoi de plus en plus de familles font ce choix pour leur sant\u00e9 ?                        <\/a>\r\n                    <\/h3>\r\n\r\n                    <!-- Excerpt -->\r\n                                                                    <p class=\"grid5-excerpt\">Mutualit\u00e9 sociale au B\u00e9nin : pourquoi de plus en plus de familles font ce choix pour leur sant\u00e9 ? Au B\u00e9nin, la question de<\/p>\r\n                    \r\n                                            <div class=\"d-flex justify-content-between align-items-center\">\r\n                                                        \r\n                                                            <div class=\"grid5-read-more\">\r\n                                    <a class=\"grid5-btn\" href=\"https:\/\/fenamus-benin.org\/index.php\/2025\/12\/23\/mutualite-sociale-au-benin\/\">\r\n                                        LIRE PLUS                                        <\/a>\r\n                                <\/div>\r\n                                                    <\/div>\r\n                                                                <!-- Meta Information Row Below Title -->\r\n                        <div class=\"blog-grid6 custom-meta-row d-flex justify-content-between align-items-center\">\r\n                            <!-- Date -->\r\n                                                            <span class=\"grid6-post-date\">\r\n                                    <i class=\"far fa-calendar-alt\"><\/i>\r\n                                    d\u00e9cembre 23, 2025                                <\/span>\r\n                            \r\n                            <!-- Comments Count -->\r\n                                                    <\/div>\r\n                        \r\n\r\n                                    <\/div>\r\n            <\/div>\r\n        <\/div>\r\n            <div class=\"col-md-6 col-lg-4 col-sm-6 col-12\">\r\n            <div class=\"custom-blog-item\">\r\n                <!-- Featured Image Section -->\r\n                <div class=\"custom-blog-img position-relative\">\r\n                    <figure class=\"mb-0 position-relative\">\r\n                                                    <img decoding=\"async\" class=\"lif-img\" width=\"570\" height=\"350\" src=\"https:\/\/fenamus-benin.org\/wp-content\/uploads\/2025\/12\/Fenamus-Benin-im2-scaled-570x350_c.jpg\" alt=\"\" \/>                                            <\/figure>\r\n                <\/div>\r\n\r\n                <div class=\"grid6-blog-content\">\r\n                    \r\n                    <!-- Title -->\r\n                    <h3 class=\"grid6-title lif-title\">\r\n                        <a href=\"https:\/\/fenamus-benin.org\/index.php\/2025\/12\/23\/partenariat-avec-une-mutuelle-de-sante-au-benin\/\" title=\"\">\r\n                            Pourquoi nouer un partenariat avec une mutuelle de sant\u00e9 au B\u00e9nin ? Avantages, impacts et opportunit\u00e9s                        <\/a>\r\n                    <\/h3>\r\n\r\n                    <!-- Excerpt -->\r\n                                                                    <p class=\"grid5-excerpt\">Pourquoi nouer un partenariat avec une mutuelle de sant\u00e9 au B\u00e9nin ? Avantages, impacts et opportunit\u00e9s Dans un contexte o\u00f9 l\u2019acc\u00e8s \u00e9quitable aux soins<\/p>\r\n                    \r\n                                            <div class=\"d-flex justify-content-between align-items-center\">\r\n                                                        \r\n                                                            <div class=\"grid5-read-more\">\r\n                                    <a class=\"grid5-btn\" href=\"https:\/\/fenamus-benin.org\/index.php\/2025\/12\/23\/partenariat-avec-une-mutuelle-de-sante-au-benin\/\">\r\n                                        LIRE PLUS                                        <\/a>\r\n                                <\/div>\r\n                                                    <\/div>\r\n                                                                <!-- Meta Information Row Below Title -->\r\n                        <div class=\"blog-grid6 custom-meta-row d-flex justify-content-between align-items-center\">\r\n                            <!-- Date -->\r\n                                                            <span class=\"grid6-post-date\">\r\n                                    <i class=\"far fa-calendar-alt\"><\/i>\r\n                                    d\u00e9cembre 23, 2025                                <\/span>\r\n                            \r\n                            <!-- Comments Count -->\r\n                                                    <\/div>\r\n                        \r\n\r\n                                    <\/div>\r\n            <\/div>\r\n        <\/div>\r\n            <div class=\"col-md-6 col-lg-4 col-sm-6 col-12\">\r\n            <div class=\"custom-blog-item\">\r\n                <!-- Featured Image Section -->\r\n                <div class=\"custom-blog-img position-relative\">\r\n                    <figure class=\"mb-0 position-relative\">\r\n                                                    <img decoding=\"async\" class=\"lif-img\" width=\"570\" height=\"350\" src=\"https:\/\/fenamus-benin.org\/wp-content\/uploads\/2025\/12\/Fenamus-benin-action-sociale-570x350_c.png\" alt=\"\" \/>                                            <\/figure>\r\n                <\/div>\r\n\r\n                <div class=\"grid6-blog-content\">\r\n                    \r\n                    <!-- Title -->\r\n                    <h3 class=\"grid6-title lif-title\">\r\n                        <a href=\"https:\/\/fenamus-benin.org\/index.php\/2025\/12\/24\/meilleure-mutuelle-de-sante-benin\/\" title=\"\">\r\n                            Meilleure Mutuelle de sant\u00e9 b\u00e9nin : comment faire le bon choix pour prot\u00e9ger sa famille ?                        <\/a>\r\n                    <\/h3>\r\n\r\n                    <!-- Excerpt -->\r\n                                                                    <p class=\"grid5-excerpt\">Meilleure Mutuelle de sant\u00e9 b\u00e9nin : comment faire le bon choix pour prot\u00e9ger sa famille ? Au B\u00e9nin, l\u2019acc\u00e8s aux soins de sant\u00e9 reste<\/p>\r\n                    \r\n                                            <div class=\"d-flex justify-content-between align-items-center\">\r\n                                                        \r\n                                                            <div class=\"grid5-read-more\">\r\n                                    <a class=\"grid5-btn\" href=\"https:\/\/fenamus-benin.org\/index.php\/2025\/12\/24\/meilleure-mutuelle-de-sante-benin\/\">\r\n                                        LIRE PLUS                                        <\/a>\r\n                                <\/div>\r\n                                                    <\/div>\r\n                                                                <!-- Meta Information Row Below Title -->\r\n                        <div class=\"blog-grid6 custom-meta-row d-flex justify-content-between align-items-center\">\r\n                            <!-- Date -->\r\n                                                            <span class=\"grid6-post-date\">\r\n                                    <i class=\"far fa-calendar-alt\"><\/i>\r\n                                    d\u00e9cembre 24, 2025                                <\/span>\r\n                            \r\n                            <!-- Comments Count -->\r\n                                                    <\/div>\r\n                        \r\n\r\n                                    <\/div>\r\n            <\/div>\r\n        <\/div>\r\n            <div class=\"col-md-6 col-lg-4 col-sm-6 col-12\">\r\n            <div class=\"custom-blog-item\">\r\n                <!-- Featured Image Section -->\r\n                <div class=\"custom-blog-img position-relative\">\r\n                    <figure class=\"mb-0 position-relative\">\r\n                                                    <img loading=\"lazy\" decoding=\"async\" class=\"lif-img\" width=\"570\" height=\"350\" src=\"https:\/\/fenamus-benin.org\/wp-content\/uploads\/2026\/01\/Fenamus-Benin-passation-de-service-IM5-570x350_c.jpeg\" alt=\"\" \/>                                            <\/figure>\r\n                <\/div>\r\n\r\n                <div class=\"grid6-blog-content\">\r\n                    \r\n                    <!-- Title -->\r\n                    <h3 class=\"grid6-title lif-title\">\r\n                        <a href=\"https:\/\/fenamus-benin.org\/index.php\/2026\/01\/08\/passation-de-charges-a-la-fenamus-benin\/\" title=\"\">\r\n                            Passation de charges \u00e0 la FENAMUS-B\u00c9NIN : une transition plac\u00e9e sous le signe de la continuit\u00e9 et de l\u2019engagement.                        <\/a>\r\n                    <\/h3>\r\n\r\n                    <!-- Excerpt -->\r\n                                                                    <p class=\"grid5-excerpt\">La F\u00e9d\u00e9ration Nationale de la Mutualit\u00e9 Sociale du B\u00e9nin (FENAMUS-B\u00c9NIN) a proc\u00e9d\u00e9, le mardi 23 d\u00e9cembre 2025, \u00e0 la c\u00e9r\u00e9monie officielle de passation de<\/p>\r\n                    \r\n                                            <div class=\"d-flex justify-content-between align-items-center\">\r\n                                                        \r\n                                                            <div class=\"grid5-read-more\">\r\n                                    <a class=\"grid5-btn\" href=\"https:\/\/fenamus-benin.org\/index.php\/2026\/01\/08\/passation-de-charges-a-la-fenamus-benin\/\">\r\n                                        LIRE PLUS                                        <\/a>\r\n                                <\/div>\r\n                                                    <\/div>\r\n                                                                <!-- Meta Information Row Below Title -->\r\n                        <div class=\"blog-grid6 custom-meta-row d-flex justify-content-between align-items-center\">\r\n                            <!-- Date -->\r\n                                                            <span class=\"grid6-post-date\">\r\n                                    <i class=\"far fa-calendar-alt\"><\/i>\r\n                                    janvier 8, 2026                                <\/span>\r\n                            \r\n                            <!-- Comments Count -->\r\n                                                    <\/div>\r\n                        \r\n\r\n                                    <\/div>\r\n            <\/div>\r\n        <\/div>\r\n            <div class=\"col-md-6 col-lg-4 col-sm-6 col-12\">\r\n            <div class=\"custom-blog-item\">\r\n                <!-- Featured Image Section -->\r\n                <div class=\"custom-blog-img position-relative\">\r\n                    <figure class=\"mb-0 position-relative\">\r\n                                                    <img loading=\"lazy\" decoding=\"async\" class=\"lif-img\" width=\"570\" height=\"350\" src=\"https:\/\/fenamus-benin.org\/wp-content\/uploads\/2025\/12\/Fenamus-Benin-et-ses-beneficiares-slide-570x350_c.png\" alt=\"\" \/>                                            <\/figure>\r\n                <\/div>\r\n\r\n                <div class=\"grid6-blog-content\">\r\n                    \r\n                    <!-- Title -->\r\n                    <h3 class=\"grid6-title lif-title\">\r\n                        <a href=\"https:\/\/fenamus-benin.org\/index.php\/2026\/02\/13\/partenariat-ong-benin\/\" title=\"\">\r\n                            Partenariat ONG B\u00e9nin : comment collaborer efficacement pour renforcer les services sociaux au B\u00e9nin                        <\/a>\r\n                    <\/h3>\r\n\r\n                    <!-- Excerpt -->\r\n                                                                    <p class=\"grid5-excerpt\">Partenariat ONG B\u00e9nin : comment collaborer efficacement pour renforcer les services sociaux au B\u00e9nin Au B\u00e9nin, les d\u00e9fis sociaux restent nombreux : acc\u00e8s limit\u00e9<\/p>\r\n                    \r\n                                            <div class=\"d-flex justify-content-between align-items-center\">\r\n                                                        \r\n                                                            <div class=\"grid5-read-more\">\r\n                                    <a class=\"grid5-btn\" href=\"https:\/\/fenamus-benin.org\/index.php\/2026\/02\/13\/partenariat-ong-benin\/\">\r\n                                        LIRE PLUS                                        <\/a>\r\n                                <\/div>\r\n                                                    <\/div>\r\n                                                                <!-- Meta Information Row Below Title -->\r\n                        <div class=\"blog-grid6 custom-meta-row d-flex justify-content-between align-items-center\">\r\n                            <!-- Date -->\r\n                                                            <span class=\"grid6-post-date\">\r\n                                    <i class=\"far fa-calendar-alt\"><\/i>\r\n                                    f\u00e9vrier 13, 2026                                <\/span>\r\n                            \r\n                            <!-- Comments Count -->\r\n                                                    <\/div>\r\n                        \r\n\r\n                                    <\/div>\r\n            <\/div>\r\n        <\/div>\r\n            <div class=\"col-md-6 col-lg-4 col-sm-6 col-12\">\r\n            <div class=\"custom-blog-item\">\r\n                <!-- Featured Image Section -->\r\n                <div class=\"custom-blog-img position-relative\">\r\n                    <figure class=\"mb-0 position-relative\">\r\n                                                    <img loading=\"lazy\" decoding=\"async\" class=\"lif-img\" width=\"570\" height=\"350\" src=\"https:\/\/fenamus-benin.org\/wp-content\/uploads\/2025\/12\/Fenamus-Benin-et-ses-beneficiares-2-570x350_c.jpg\" alt=\"\" \/>                                            <\/figure>\r\n                <\/div>\r\n\r\n                <div class=\"grid6-blog-content\">\r\n                    \r\n                    <!-- Title -->\r\n                    <h3 class=\"grid6-title lif-title\">\r\n                        <a href=\"https:\/\/fenamus-benin.org\/index.php\/2026\/02\/13\/services-sociaux-au-benin\/\" title=\"\">\r\n                            Services sociaux au B\u00e9nin : le r\u00f4le strat\u00e9gique des mutuelles dans la protection des populations                        <\/a>\r\n                    <\/h3>\r\n\r\n                    <!-- Excerpt -->\r\n                                                                    <p class=\"grid5-excerpt\">Services sociaux au B\u00e9nin : le r\u00f4le strat\u00e9gique des mutuelles dans la protection des populations Au B\u00e9nin, les d\u00e9fis sociaux et sanitaires sont bien<\/p>\r\n                    \r\n                                            <div class=\"d-flex justify-content-between align-items-center\">\r\n                                                        \r\n                                                            <div class=\"grid5-read-more\">\r\n                                    <a class=\"grid5-btn\" href=\"https:\/\/fenamus-benin.org\/index.php\/2026\/02\/13\/services-sociaux-au-benin\/\">\r\n                                        LIRE PLUS                                        <\/a>\r\n                                <\/div>\r\n                                                    <\/div>\r\n                                                                <!-- Meta Information Row Below Title -->\r\n                        <div class=\"blog-grid6 custom-meta-row d-flex justify-content-between align-items-center\">\r\n                            <!-- Date -->\r\n                                                            <span class=\"grid6-post-date\">\r\n                                    <i class=\"far fa-calendar-alt\"><\/i>\r\n                                    f\u00e9vrier 13, 2026                                <\/span>\r\n                            \r\n                            <!-- Comments Count -->\r\n                                                    <\/div>\r\n                        \r\n\r\n                                    <\/div>\r\n            <\/div>\r\n        <\/div>\r\n            <div class=\"col-md-6 col-lg-4 col-sm-6 col-12\">\r\n            <div class=\"custom-blog-item\">\r\n                <!-- Featured Image Section -->\r\n                <div class=\"custom-blog-img position-relative\">\r\n                    <figure class=\"mb-0 position-relative\">\r\n                                                    <img loading=\"lazy\" decoding=\"async\" class=\"lif-img\" width=\"570\" height=\"350\" src=\"https:\/\/fenamus-benin.org\/wp-content\/uploads\/2026\/03\/equipe-fenamus-benin-im1-570x350_c.png\" alt=\"\" \/>                                            <\/figure>\r\n                <\/div>\r\n\r\n                <div class=\"grid6-blog-content\">\r\n                    \r\n                    <!-- Title -->\r\n                    <h3 class=\"grid6-title lif-title\">\r\n                        <a href=\"https:\/\/fenamus-benin.org\/index.php\/2026\/03\/19\/mouvement-mutualiste\/\" title=\"\">\r\n                            Au B\u00e9nin, le mouvement mutualiste se r\u00e9invente face \u00e0 un tournant juridique majeur                        <\/a>\r\n                    <\/h3>\r\n\r\n                    <!-- Excerpt -->\r\n                                                                    <p class=\"grid5-excerpt\">En f\u00e9vrier 2026, \u00e0 Bohicon, un moment d\u00e9cisif s\u2019est jou\u00e9 pour l\u2019avenir des mutuelles sociales. Dans un contexte marqu\u00e9 par l\u2019entr\u00e9e en vigueur de<\/p>\r\n                    \r\n                                            <div class=\"d-flex justify-content-between align-items-center\">\r\n                                                        \r\n                                                            <div class=\"grid5-read-more\">\r\n                                    <a class=\"grid5-btn\" href=\"https:\/\/fenamus-benin.org\/index.php\/2026\/03\/19\/mouvement-mutualiste\/\">\r\n                                        LIRE PLUS                                        <\/a>\r\n                                <\/div>\r\n                                                    <\/div>\r\n                                                                <!-- Meta Information Row Below Title -->\r\n                        <div class=\"blog-grid6 custom-meta-row d-flex justify-content-between align-items-center\">\r\n                            <!-- Date -->\r\n                                                            <span class=\"grid6-post-date\">\r\n                                    <i class=\"far fa-calendar-alt\"><\/i>\r\n                                    mars 19, 2026                                <\/span>\r\n                            \r\n                            <!-- Comments Count -->\r\n                                                    <\/div>\r\n                        \r\n\r\n                                    <\/div>\r\n            <\/div>\r\n        <\/div>\r\n            <div class=\"col-md-6 col-lg-4 col-sm-6 col-12\">\r\n            <div class=\"custom-blog-item\">\r\n                <!-- Featured Image Section -->\r\n                <div class=\"custom-blog-img position-relative\">\r\n                    <figure class=\"mb-0 position-relative\">\r\n                                                    <img loading=\"lazy\" decoding=\"async\" class=\"lif-img\" width=\"570\" height=\"350\" src=\"https:\/\/fenamus-benin.org\/wp-content\/uploads\/2026\/03\/equipe-fenamus-benin-im7-570x350_c.png\" alt=\"\" \/>                                            <\/figure>\r\n                <\/div>\r\n\r\n                <div class=\"grid6-blog-content\">\r\n                    \r\n                    <!-- Title -->\r\n                    <h3 class=\"grid6-title lif-title\">\r\n                        <a href=\"https:\/\/fenamus-benin.org\/index.php\/2026\/03\/20\/fenamus-benin-une-premiere-session-2026-du-conseil-dadministration\/\" title=\"\">\r\n                            FENAMUS-BENIN : une premi\u00e8re session 2026 du Conseil d\u2019Administration sous le signe de la gouvernance et de la durabilit\u00e9                        <\/a>\r\n                    <\/h3>\r\n\r\n                    <!-- Excerpt -->\r\n                                                                    <p class=\"grid5-excerpt\">Le 11 f\u00e9vrier 2026, les nouveaux membres du Conseil d\u2019Administration de la F\u00e9d\u00e9ration Nationale de la Mutualit\u00e9 Sociale du B\u00e9nin (FENAMUS-BENIN) ont tenu leur<\/p>\r\n                    \r\n                                            <div class=\"d-flex justify-content-between align-items-center\">\r\n                                                        \r\n                                                            <div class=\"grid5-read-more\">\r\n                                    <a class=\"grid5-btn\" href=\"https:\/\/fenamus-benin.org\/index.php\/2026\/03\/20\/fenamus-benin-une-premiere-session-2026-du-conseil-dadministration\/\">\r\n                                        LIRE PLUS                                        <\/a>\r\n                                <\/div>\r\n                                                    <\/div>\r\n                                                                <!-- Meta Information Row Below Title -->\r\n                        <div class=\"blog-grid6 custom-meta-row d-flex justify-content-between align-items-center\">\r\n                            <!-- Date -->\r\n                                                            <span class=\"grid6-post-date\">\r\n                                    <i class=\"far fa-calendar-alt\"><\/i>\r\n                                    mars 20, 2026                                <\/span>\r\n                            \r\n                            <!-- Comments Count -->\r\n                                                    <\/div>\r\n                        \r\n\r\n                                    <\/div>\r\n            <\/div>\r\n        <\/div>\r\n    <\/div>\r\n\r\n\t\t\t\t<\/div>\n\t\t\t\t<\/div>\n\t\t\t\t\t<\/div>\n\t\t\t\t<\/div>\n\t\t\t\t<\/div>\n\t\t","protected":false},"excerpt":{"rendered":"<p>Mutualit\u00e9 sociale au B\u00e9nin : pourquoi de plus en plus de familles font ce choix pour leur sant\u00e9 ? Mutualit\u00e9 sociale au B\u00e9nin : pourquoi de plus en plus de familles font ce choix pour leur sant\u00e9 ? Au B\u00e9nin, la question de LIRE PLUS d\u00e9cembre 23, 2025 Pourquoi nouer un partenariat avec une mutuelle [&hellip;]<\/p>\n","protected":false},"author":1,"featured_media":0,"parent":0,"menu_order":0,"comment_status":"closed","ping_status":"closed","template":"elementor_header_footer","meta":{"footnotes":""},"class_list":["post-26882","page","type-page","status-publish","hentry"],"_links":{"self":[{"href":"https:\/\/fenamus-benin.org\/index.php\/wp-json\/wp\/v2\/pages\/26882","targetHints":{"allow":["GET"]}}],"collection":[{"href":"https:\/\/fenamus-benin.org\/index.php\/wp-json\/wp\/v2\/pages"}],"about":[{"href":"https:\/\/fenamus-benin.org\/index.php\/wp-json\/wp\/v2\/types\/page"}],"author":[{"embeddable":true,"href":"https:\/\/fenamus-benin.org\/index.php\/wp-json\/wp\/v2\/users\/1"}],"replies":[{"embeddable":true,"href":"https:\/\/fenamus-benin.org\/index.php\/wp-json\/wp\/v2\/comments?post=26882"}],"version-history":[{"count":11,"href":"https:\/\/fenamus-benin.org\/index.php\/wp-json\/wp\/v2\/pages\/26882\/revisions"}],"predecessor-version":[{"id":38873,"href":"https:\/\/fenamus-benin.org\/index.php\/wp-json\/wp\/v2\/pages\/26882\/revisions\/38873"}],"wp:attachment":[{"href":"https:\/\/fenamus-benin.org\/index.php\/wp-json\/wp\/v2\/media?parent=26882"}],"curies":[{"name":"wp","href":"https:\/\/api.w.org\/{rel}","templated":true}]}}