{"id":23965,"date":"2025-06-04T06:18:06","date_gmt":"2025-06-04T06:18:06","guid":{"rendered":"https:\/\/lifeline.webinane.com\/?page_id=23965"},"modified":"2026-02-13T15:10:01","modified_gmt":"2026-02-13T15:10:01","slug":"contact","status":"publish","type":"page","link":"https:\/\/fenamus-benin.org\/index.php\/contact\/","title":{"rendered":"Contactez-nous"},"content":{"rendered":"\t\t<div data-elementor-type=\"wp-page\" data-elementor-id=\"23965\" class=\"elementor elementor-23965\">\n\t\t\t\t<div class=\"elementor-element elementor-element-a50de0a e-flex e-con-boxed e-con e-parent\" data-id=\"a50de0a\" data-element_type=\"container\" data-e-type=\"container\">\n\t\t\t\t\t<div class=\"e-con-inner\">\n\t\t<script>\r\n    jQuery(document).ready(function($) {\r\n        function toggleRepeaterFields() {\r\n            let style = $('.elementor-control-style select').val();\r\n\r\n            if (style === 'style1') {\r\n                $('.elementor-control-testimonials').show();\r\n            } else {\r\n                $('.elementor-control-testimonials').hide();\r\n            }\r\n        }\r\n\r\n        \/\/ Run when the style dropdown changes\r\n        $(document).on('change', '.elementor-control-style select', function() {\r\n            toggleRepeaterFields();\r\n        });\r\n\r\n        \/\/ Run on initialization\r\n        setTimeout(() => {\r\n            toggleRepeaterFields();\r\n        }, 1000);\r\n    });\r\n<\/script>\t\t<div class=\"elementor-element elementor-element-5b6b400 elementor-widget elementor-widget-text-editor\" data-id=\"5b6b400\" data-element_type=\"widget\" data-e-type=\"widget\" data-widget_type=\"text-editor.default\">\n\t\t\t\t\t\t\t\t\t<p>Vous souhaitez en savoir plus ou collaborer avec nous ? Remplissez le formulaire ci-dessous pour nous contacter.<\/p><p>Vous pouvez aussi nous appeler ou nous \u00e9crire par mail.\u00a0<\/p>\t\t\t\t\t\t\t\t<\/div>\n\t\t\t\t\t<\/div>\n\t\t\t\t<\/div>\n\t\t<div class=\"elementor-element elementor-element-2512847 e-flex e-con-boxed e-con e-parent\" data-id=\"2512847\" data-element_type=\"container\" data-e-type=\"container\">\n\t\t\t\t\t<div class=\"e-con-inner\">\n\t\t<div class=\"elementor-element elementor-element-8b3dcde e-con-full e-flex e-con e-child\" data-id=\"8b3dcde\" data-element_type=\"container\" data-e-type=\"container\">\n\t\t\t\t<div class=\"elementor-element elementor-element-af973b2 elementor-widget elementor-widget-shortcode\" data-id=\"af973b2\" data-element_type=\"widget\" data-e-type=\"widget\" data-widget_type=\"shortcode.default\">\n\t\t\t\t\t\t\t<div class=\"elementor-shortcode\"><div class=\"frm_forms  with_frm_style frm_style_style-formidable\" id=\"frm_form_2_container\" data-token=\"cf0bf05034b3689bed892f484300d229\">\n<form enctype=\"multipart\/form-data\" method=\"post\" class=\"frm-show-form \" id=\"form_contact-1\" data-token=\"cf0bf05034b3689bed892f484300d229\">\n<div class=\"frm_form_fields \">\n<fieldset>\n<legend class=\"frm_screen_reader\">contact 1<\/legend>\n\n<div class=\"frm_fields_container\">\n<input type=\"hidden\" name=\"frm_action\" value=\"create\" \/>\n<input type=\"hidden\" name=\"form_id\" value=\"2\" \/>\n<input type=\"hidden\" name=\"frm_hide_fields_2\" id=\"frm_hide_fields_2\" value=\"\" \/>\n<input type=\"hidden\" name=\"form_key\" value=\"contact-1\" \/>\n<input type=\"hidden\" name=\"item_meta[0]\" value=\"\" \/>\n<input type=\"hidden\" id=\"frm_submit_entry_2\" name=\"frm_submit_entry_2\" value=\"bdbbd7ca4f\" \/><input type=\"hidden\" name=\"_wp_http_referer\" value=\"\/index.php\/wp-json\/wp\/v2\/pages\/23965\" \/><div id=\"frm_field_7_container\" class=\"frm_form_field form-field  frm_required_field frm_top_container frm6 frm_first\">\n\t<label for=\"field_ipl07\" id=\"field_ipl07_label\" class=\"frm_primary_label\">Nom\n\t\t<span class=\"frm_required\" aria-hidden=\"true\">*<\/span>\n\t<\/label>\n\t<input type=\"text\" id=\"field_ipl07\" name=\"item_meta[7]\" value=\"\"  data-reqmsg=\"Nom ne peut pas \u00eatre vide.\" aria-required=\"true\" data-invmsg=\"Nom est non valide\" aria-invalid=\"false\"  \/>\n\t\n\t\n<\/div>\n<div id=\"frm_field_8_container\" class=\"frm_form_field form-field  frm_required_field frm_top_container frm6\">\n\t<label for=\"field_hlec8\" id=\"field_hlec8_label\" class=\"frm_primary_label\">Pr\u00e9noms\n\t\t<span class=\"frm_required\" aria-hidden=\"true\">*<\/span>\n\t<\/label>\n\t<input type=\"text\" id=\"field_hlec8\" name=\"item_meta[8]\" value=\"\"  data-reqmsg=\"Pr\u00e9noms ne peut pas \u00eatre vide.\" aria-required=\"true\" data-invmsg=\"Pr\u00e9noms est non valide\" aria-invalid=\"false\"  \/>\n\t\n\t\n<\/div>\n<div id=\"frm_field_9_container\" class=\"frm_form_field form-field  frm_required_field frm_top_container\">\n\t<label for=\"field_gci75\" id=\"field_gci75_label\" class=\"frm_primary_label\">E-mail\n\t\t<span class=\"frm_required\" aria-hidden=\"true\">*<\/span>\n\t<\/label>\n\t<input type=\"email\" id=\"field_gci75\" name=\"item_meta[9]\" value=\"\"  data-reqmsg=\"E-mail ne peut pas \u00eatre vide.\" aria-required=\"true\" data-invmsg=\"E-mail est non valide\" aria-invalid=\"false\"  \/>\n\t\n\t\n<\/div>\n<div id=\"frm_field_10_container\" class=\"frm_form_field form-field  frm_required_field frm_top_container\">\n\t<label for=\"field_qwal1\" id=\"field_qwal1_label\" class=\"frm_primary_label\">T\u00e9l\u00e9phone\n\t\t<span class=\"frm_required\" aria-hidden=\"true\">*<\/span>\n\t<\/label>\n\t<input type=\"tel\" id=\"field_qwal1\" name=\"item_meta[10]\" value=\"\"  data-reqmsg=\"T\u00e9l\u00e9phone ne peut pas \u00eatre vide.\" aria-required=\"true\" data-invmsg=\"T\u00e9l\u00e9phone est non valide\" aria-invalid=\"false\" pattern=\"((\\+\\d{1,3}(-|.| )?\\(?\\d\\)?(-| |.)?\\d{1,5})|(\\(?\\d{2,6}\\)?))(-|.| )?(\\d{3,4})(-|.| )?(\\d{4})(( x| ext)\\d{1,5}){0,1}$\"  \/>\n\t\n\t\n<\/div>\n<div id=\"frm_field_11_container\" class=\"frm_form_field form-field  frm_required_field frm_top_container\">\n\t<label for=\"field_oliyt\" id=\"field_oliyt_label\" class=\"frm_primary_label\">Ville\n\t\t<span class=\"frm_required\" aria-hidden=\"true\">*<\/span>\n\t<\/label>\n\t<input type=\"text\" id=\"field_oliyt\" name=\"item_meta[11]\" value=\"\"  data-reqmsg=\"Ville ne peut pas \u00eatre vide.\" aria-required=\"true\" data-invmsg=\"Ville est non valide\" aria-invalid=\"false\"  \/>\n\t\n\t\n<\/div>\n<div id=\"frm_field_12_container\" class=\"frm_form_field form-field  frm_required_field frm_top_container\">\n\t<label for=\"field_goiza\" id=\"field_goiza_label\" class=\"frm_primary_label\">Pays\n\t\t<span class=\"frm_required\" aria-hidden=\"true\">*<\/span>\n\t<\/label>\n\t<input type=\"text\" id=\"field_goiza\" name=\"item_meta[12]\" value=\"\"  data-reqmsg=\"Pays ne peut pas \u00eatre vide.\" aria-required=\"true\" data-invmsg=\"Pays est non valide\" aria-invalid=\"false\"  \/>\n\t\n\t\n<\/div>\n<div id=\"frm_field_14_container\" class=\"frm_form_field form-field  frm_required_field frm_top_container\">\n\t<label for=\"field_3mf54\" id=\"field_3mf54_label\" class=\"frm_primary_label\">Message\n\t\t<span class=\"frm_required\" aria-hidden=\"true\">*<\/span>\n\t<\/label>\n\t<textarea name=\"item_meta[14]\" id=\"field_3mf54\" rows=\"5\"  data-reqmsg=\"Message ne peut pas \u00eatre vide.\" aria-required=\"true\" data-invmsg=\"Message est non valide\" aria-invalid=\"false\"  ><\/textarea>\n\t\n\t\n<\/div>\n<div id=\"frm_field_6_container\" class=\"frm_form_field form-field \">\n\t<div class=\"frm_submit frm_flex\">\n<button class=\"frm_button_submit\" type=\"submit\"  >Envoyer<\/button>\n\n\n\n<\/div>\n<\/div>\n\t<input type=\"hidden\" name=\"item_key\" value=\"\" \/>\n\t\t\t<div id=\"frm_field_26_container\">\n\t\t\t<label for=\"field_ki1sm\" >\n\t\t\t\tSi vous \u00eates un humain, ne remplissez pas ce champ.\t\t\t<\/label>\n\t\t\t<input  id=\"field_ki1sm\" type=\"text\" class=\"frm_form_field form-field frm_verify\" name=\"item_meta[26]\" value=\"\"  \/>\n\t\t<\/div>\n\t\t<input name=\"frm_state\" type=\"hidden\" value=\"B6Ec5eT2ArXIHhUh28\/4aStoz+xcZw1YvcqrLO8UCbE=\" \/><\/div>\n<\/fieldset>\n<\/div>\n\n<\/form>\n<\/div>\n<\/div>\n\t\t\t\t\t\t<\/div>\n\t\t\t\t<\/div>\n\t\t<div class=\"elementor-element elementor-element-a49fb40 e-con-full e-flex e-con e-child\" data-id=\"a49fb40\" data-element_type=\"container\" data-e-type=\"container\">\n\t\t<div class=\"elementor-element elementor-element-49f5aed e-con-full e-flex e-con e-child\" data-id=\"49f5aed\" data-element_type=\"container\" data-e-type=\"container\" data-settings=\"{&quot;background_background&quot;:&quot;classic&quot;}\">\n\t\t<div class=\"elementor-element elementor-element-48738b4 e-con-full e-flex e-con e-child\" data-id=\"48738b4\" data-element_type=\"container\" data-e-type=\"container\" data-settings=\"{&quot;background_background&quot;:&quot;classic&quot;}\">\n\t\t\t\t<div class=\"elementor-element elementor-element-290e144 elementor-view-stacked elementor-shape-rounded elementor-position-inline-start elementor-widget-mobile__width-initial elementor-mobile-position-block-start elementor-widget elementor-widget-icon-box\" data-id=\"290e144\" data-element_type=\"widget\" data-e-type=\"widget\" data-widget_type=\"icon-box.default\">\n\t\t\t\t\t\t\t<div class=\"elementor-icon-box-wrapper\">\n\n\t\t\t\t\t\t<div class=\"elementor-icon-box-icon\">\n\t\t\t\t<span  class=\"elementor-icon\">\n\t\t\t\t<svg aria-hidden=\"true\" class=\"e-font-icon-svg e-fas-home\" viewBox=\"0 0 576 512\" xmlns=\"http:\/\/www.w3.org\/2000\/svg\"><path d=\"M280.37 148.26L96 300.11V464a16 16 0 0 0 16 16l112.06-.29a16 16 0 0 0 15.92-16V368a16 16 0 0 1 16-16h64a16 16 0 0 1 16 16v95.64a16 16 0 0 0 16 16.05L464 480a16 16 0 0 0 16-16V300L295.67 148.26a12.19 12.19 0 0 0-15.3 0zM571.6 251.47L488 182.56V44.05a12 12 0 0 0-12-12h-56a12 12 0 0 0-12 12v72.61L318.47 43a48 48 0 0 0-61 0L4.34 251.47a12 12 0 0 0-1.6 16.9l25.5 31A12 12 0 0 0 45.15 301l235.22-193.74a12.19 12.19 0 0 1 15.3 0L530.9 301a12 12 0 0 0 16.9-1.6l25.5-31a12 12 0 0 0-1.7-16.93z\"><\/path><\/svg>\t\t\t\t<\/span>\n\t\t\t<\/div>\n\t\t\t\n\t\t\t\t\t\t<div class=\"elementor-icon-box-content\">\n\n\t\t\t\t\t\t\t\t\t<h3 class=\"elementor-icon-box-title\">\n\t\t\t\t\t\t<span  >\n\t\t\t\t\t\t\tSi\u00e8ge Social\t\t\t\t\t\t<\/span>\n\t\t\t\t\t<\/h3>\n\t\t\t\t\n\t\t\t\t\t\t\t\t\t<p class=\"elementor-icon-box-description\">\n\t\t\t\t\t\tAbomey-Calavi, Zopah, Cit\u00e9 Arconville, Maison ALASSANE Abdoulaye, derri\u00e8re l\u2019ex-Pharmacie d\u2019Arconville\t\t\t\t\t<\/p>\n\t\t\t\t\n\t\t\t<\/div>\n\t\t\t\n\t\t<\/div>\n\t\t\t\t\t\t<\/div>\n\t\t\t\t<div class=\"elementor-element elementor-element-8342949 elementor-view-stacked elementor-shape-rounded elementor-position-inline-start elementor-widget-mobile__width-initial elementor-mobile-position-block-start elementor-widget elementor-widget-icon-box\" data-id=\"8342949\" data-element_type=\"widget\" data-e-type=\"widget\" data-widget_type=\"icon-box.default\">\n\t\t\t\t\t\t\t<div class=\"elementor-icon-box-wrapper\">\n\n\t\t\t\t\t\t<div class=\"elementor-icon-box-icon\">\n\t\t\t\t<span  class=\"elementor-icon\">\n\t\t\t\t<svg aria-hidden=\"true\" class=\"e-font-icon-svg e-fas-phone-square-alt\" viewBox=\"0 0 448 512\" xmlns=\"http:\/\/www.w3.org\/2000\/svg\"><path d=\"M400 32H48A48 48 0 0 0 0 80v352a48 48 0 0 0 48 48h352a48 48 0 0 0 48-48V80a48 48 0 0 0-48-48zm-16.39 307.37l-15 65A15 15 0 0 1 354 416C194 416 64 286.29 64 126a15.7 15.7 0 0 1 11.63-14.61l65-15A18.23 18.23 0 0 1 144 96a16.27 16.27 0 0 1 13.79 9.09l30 70A17.9 17.9 0 0 1 189 181a17 17 0 0 1-5.5 11.61l-37.89 31a231.91 231.91 0 0 0 110.78 110.78l31-37.89A17 17 0 0 1 299 291a17.85 17.85 0 0 1 5.91 1.21l70 30A16.25 16.25 0 0 1 384 336a17.41 17.41 0 0 1-.39 3.37z\"><\/path><\/svg>\t\t\t\t<\/span>\n\t\t\t<\/div>\n\t\t\t\n\t\t\t\t\t\t<div class=\"elementor-icon-box-content\">\n\n\t\t\t\t\t\t\t\t\t<h3 class=\"elementor-icon-box-title\">\n\t\t\t\t\t\t<span  >\n\t\t\t\t\t\t\tT\u00e9l\u00e9phone fixe\t\t\t\t\t\t<\/span>\n\t\t\t\t\t<\/h3>\n\t\t\t\t\n\t\t\t\t\t\t\t\t\t<p class=\"elementor-icon-box-description\">\n\t\t\t\t\t\t +229 01 20 22 20 83 \t\t\t\t\t<\/p>\n\t\t\t\t\n\t\t\t<\/div>\n\t\t\t\n\t\t<\/div>\n\t\t\t\t\t\t<\/div>\n\t\t\t\t<div class=\"elementor-element elementor-element-3916c04 elementor-view-stacked elementor-shape-rounded elementor-position-inline-start elementor-widget-mobile__width-initial elementor-mobile-position-block-start elementor-widget elementor-widget-icon-box\" data-id=\"3916c04\" data-element_type=\"widget\" data-e-type=\"widget\" data-widget_type=\"icon-box.default\">\n\t\t\t\t\t\t\t<div class=\"elementor-icon-box-wrapper\">\n\n\t\t\t\t\t\t<div class=\"elementor-icon-box-icon\">\n\t\t\t\t<span  class=\"elementor-icon\">\n\t\t\t\t<svg aria-hidden=\"true\" class=\"e-font-icon-svg e-fas-mobile-alt\" viewBox=\"0 0 320 512\" xmlns=\"http:\/\/www.w3.org\/2000\/svg\"><path d=\"M272 0H48C21.5 0 0 21.5 0 48v416c0 26.5 21.5 48 48 48h224c26.5 0 48-21.5 48-48V48c0-26.5-21.5-48-48-48zM160 480c-17.7 0-32-14.3-32-32s14.3-32 32-32 32 14.3 32 32-14.3 32-32 32zm112-108c0 6.6-5.4 12-12 12H60c-6.6 0-12-5.4-12-12V60c0-6.6 5.4-12 12-12h200c6.6 0 12 5.4 12 12v312z\"><\/path><\/svg>\t\t\t\t<\/span>\n\t\t\t<\/div>\n\t\t\t\n\t\t\t\t\t\t<div class=\"elementor-icon-box-content\">\n\n\t\t\t\t\t\t\t\t\t<h3 class=\"elementor-icon-box-title\">\n\t\t\t\t\t\t<span  >\n\t\t\t\t\t\t\tT\u00e9l\u00e9phone mobile\t\t\t\t\t\t<\/span>\n\t\t\t\t\t<\/h3>\n\t\t\t\t\n\t\t\t\t\t\t\t\t\t<p class=\"elementor-icon-box-description\">\n\t\t\t\t\t\t+229 01 68 80 46 81 \/ +229 01 54 21 16 50\t\t\t\t\t<\/p>\n\t\t\t\t\n\t\t\t<\/div>\n\t\t\t\n\t\t<\/div>\n\t\t\t\t\t\t<\/div>\n\t\t\t\t<div class=\"elementor-element elementor-element-e7cdaec elementor-view-stacked elementor-shape-rounded elementor-position-inline-start elementor-mobile-position-block-start elementor-widget elementor-widget-icon-box\" data-id=\"e7cdaec\" data-element_type=\"widget\" data-e-type=\"widget\" data-widget_type=\"icon-box.default\">\n\t\t\t\t\t\t\t<div class=\"elementor-icon-box-wrapper\">\n\n\t\t\t\t\t\t<div class=\"elementor-icon-box-icon\">\n\t\t\t\t<span  class=\"elementor-icon\">\n\t\t\t\t<svg aria-hidden=\"true\" class=\"e-font-icon-svg e-fas-envelope\" viewBox=\"0 0 512 512\" xmlns=\"http:\/\/www.w3.org\/2000\/svg\"><path d=\"M502.3 190.8c3.9-3.1 9.7-.2 9.7 4.7V400c0 26.5-21.5 48-48 48H48c-26.5 0-48-21.5-48-48V195.6c0-5 5.7-7.8 9.7-4.7 22.4 17.4 52.1 39.5 154.1 113.6 21.1 15.4 56.7 47.8 92.2 47.6 35.7.3 72-32.8 92.3-47.6 102-74.1 131.6-96.3 154-113.7zM256 320c23.2.4 56.6-29.2 73.4-41.4 132.7-96.3 142.8-104.7 173.4-128.7 5.8-4.5 9.2-11.5 9.2-18.9v-19c0-26.5-21.5-48-48-48H48C21.5 64 0 85.5 0 112v19c0 7.4 3.4 14.3 9.2 18.9 30.6 23.9 40.7 32.4 173.4 128.7 16.8 12.2 50.2 41.8 73.4 41.4z\"><\/path><\/svg>\t\t\t\t<\/span>\n\t\t\t<\/div>\n\t\t\t\n\t\t\t\t\t\t<div class=\"elementor-icon-box-content\">\n\n\t\t\t\t\t\t\t\t\t<h3 class=\"elementor-icon-box-title\">\n\t\t\t\t\t\t<span  >\n\t\t\t\t\t\t\tEmail \t\t\t\t\t\t<\/span>\n\t\t\t\t\t<\/h3>\n\t\t\t\t\n\t\t\t\t\t\t\t\t\t<p class=\"elementor-icon-box-description\">\n\t\t\t\t\t\tcontact@fenamus-benin.org \t\t\t\t\t<\/p>\n\t\t\t\t\n\t\t\t<\/div>\n\t\t\t\n\t\t<\/div>\n\t\t\t\t\t\t<\/div>\n\t\t\t\t<\/div>\n\t\t\t\t<\/div>\n\t\t\t\t<\/div>\n\t\t\t\t\t<\/div>\n\t\t\t\t<\/div>\n\t\t<div class=\"elementor-element elementor-element-3f33215 e-con-full e-flex e-con e-parent\" data-id=\"3f33215\" data-element_type=\"container\" data-e-type=\"container\">\n\t\t\t\t<div class=\"elementor-element elementor-element-154bebe elementor-widget elementor-widget-google_maps\" data-id=\"154bebe\" data-element_type=\"widget\" data-e-type=\"widget\" data-widget_type=\"google_maps.default\">\n\t\t\t\t\t\t\t<div class=\"elementor-custom-embed\">\n\t\t\t<iframe loading=\"lazy\"\n\t\t\t\t\tsrc=\"https:\/\/maps.google.com\/maps?q=Abomey-Calavi%2C%20Zopah%2C%20Cit%C3%A9%20Arconville%2C%20Maison%20ALASSANE%20Abdoulaye%2C%20derri%C3%A8re%20l%E2%80%99ex-Pharmacie%20d%E2%80%99Arconville&#038;t=m&#038;z=10&#038;output=embed&#038;iwloc=near\"\n\t\t\t\t\ttitle=\"Abomey-Calavi, Zopah, Cit\u00e9 Arconville, Maison ALASSANE Abdoulaye, derri\u00e8re l\u2019ex-Pharmacie d\u2019Arconville\"\n\t\t\t\t\taria-label=\"Abomey-Calavi, Zopah, Cit\u00e9 Arconville, Maison ALASSANE Abdoulaye, derri\u00e8re l\u2019ex-Pharmacie d\u2019Arconville\"\n\t\t\t><\/iframe>\n\t\t<\/div>\n\t\t\t\t\t\t<\/div>\n\t\t\t\t<\/div>\n\t\t\t\t<\/div>\n\t\t","protected":false},"excerpt":{"rendered":"<p>Vous souhaitez en savoir plus ou collaborer avec nous ? Remplissez le formulaire ci-dessous pour nous contacter. Vous pouvez aussi nous appeler ou nous \u00e9crire par mail.\u00a0 Si\u00e8ge Social Abomey-Calavi, Zopah, Cit\u00e9 Arconville, Maison ALASSANE Abdoulaye, derri\u00e8re l\u2019ex-Pharmacie d\u2019Arconville T\u00e9l\u00e9phone fixe +229 01 20 22 20 83 T\u00e9l\u00e9phone mobile +229 01 68 80 46 81 [&hellip;]<\/p>\n","protected":false},"author":1,"featured_media":0,"parent":0,"menu_order":0,"comment_status":"closed","ping_status":"closed","template":"elementor_header_footer","meta":{"footnotes":""},"class_list":["post-23965","page","type-page","status-publish","hentry"],"_links":{"self":[{"href":"https:\/\/fenamus-benin.org\/index.php\/wp-json\/wp\/v2\/pages\/23965","targetHints":{"allow":["GET"]}}],"collection":[{"href":"https:\/\/fenamus-benin.org\/index.php\/wp-json\/wp\/v2\/pages"}],"about":[{"href":"https:\/\/fenamus-benin.org\/index.php\/wp-json\/wp\/v2\/types\/page"}],"author":[{"embeddable":true,"href":"https:\/\/fenamus-benin.org\/index.php\/wp-json\/wp\/v2\/users\/1"}],"replies":[{"embeddable":true,"href":"https:\/\/fenamus-benin.org\/index.php\/wp-json\/wp\/v2\/comments?post=23965"}],"version-history":[{"count":3,"href":"https:\/\/fenamus-benin.org\/index.php\/wp-json\/wp\/v2\/pages\/23965\/revisions"}],"predecessor-version":[{"id":39006,"href":"https:\/\/fenamus-benin.org\/index.php\/wp-json\/wp\/v2\/pages\/23965\/revisions\/39006"}],"wp:attachment":[{"href":"https:\/\/fenamus-benin.org\/index.php\/wp-json\/wp\/v2\/media?parent=23965"}],"curies":[{"name":"wp","href":"https:\/\/api.w.org\/{rel}","templated":true}]}}